{"id":12,"date":"2019-08-18T12:37:19","date_gmt":"2019-08-18T10:37:19","guid":{"rendered":"http:\/\/pappen.arbeitslink.de\/?page_id=12"},"modified":"2022-08-01T15:05:18","modified_gmt":"2022-08-01T13:05:18","slug":"tullau-pappen","status":"publish","type":"page","link":"https:\/\/www.pappen.de\/de\/tullau-pappen\/","title":{"rendered":"Tullau Pappen"},"content":{"rendered":"\t\t<div data-elementor-type=\"wp-page\" data-elementor-id=\"12\" class=\"elementor elementor-12\" data-elementor-post-type=\"page\">\n\t\t\t\t\t\t<section class=\"elementor-section elementor-top-section elementor-element elementor-element-17a1e6c8 make--section--regular elementor-section-boxed elementor-section-height-default elementor-section-height-default\" data-id=\"17a1e6c8\" data-element_type=\"section\" data-e-type=\"section\">\n\t\t\t\t\t\t<div class=\"elementor-container elementor-column-gap-default\">\n\t\t\t\t\t<div class=\"elementor-column elementor-col-100 elementor-top-column elementor-element elementor-element-566c0fd6\" data-id=\"566c0fd6\" data-element_type=\"column\" data-e-type=\"column\">\n\t\t\t<div class=\"elementor-widget-wrap elementor-element-populated\">\n\t\t\t\t\t\t<div class=\"elementor-element elementor-element-51da85a4 elementor-widget elementor-widget-text-editor\" data-id=\"51da85a4\" data-element_type=\"widget\" data-e-type=\"widget\" data-widget_type=\"text-editor.default\">\n\t\t\t\t<div class=\"elementor-widget-container\">\n\t\t\t\t\t<span id=51da85a4><\/span>\t\t\t\t<p>Als Hersteller von Vollpappeprodukten geh\u00f6ren wir zu den f\u00fchrenden Anbietern in Deutschland. Wir entwickeln perfekte L\u00f6sungen f\u00fcr die unterschiedlichsten industriellen Anwendungen und sind in vielen Branchen die kompetente Adresse f\u00fcr Vollpappe und Karton.<\/p><p>TULLAU PAPPEN ist ein namhaftes mittelst\u00e4ndisches Familienunternehmen mit 100 Mitarbeiterinnen und Mitarbeitern. Wir produzieren an zwei Standorten Vollpappe und Karton f\u00fcr deutsche und internationale Kunden.<br \/>Aufgrund der Produktvielfalt ist TULLAU PAPPEN in der Lage, Vollpappe und Karton f\u00fcr nahezu s\u00e4mtliche Einsatzzwecke bedarfsgerecht und individuell als Format- oder Rollenware anzufertigen.<\/p><p>\u00a0<\/p>\t\t\t\t\t\t\t\t<\/div>\n\t\t\t\t<\/div>\n\t\t\t\t\t<\/div>\n\t\t<\/div>\n\t\t\t\t\t<\/div>\n\t\t<\/section>\n\t\t\t\t<section class=\"elementor-section elementor-top-section elementor-element elementor-element-5d42d88 make--section--regular elementor-section-boxed elementor-section-height-default elementor-section-height-default\" data-id=\"5d42d88\" data-element_type=\"section\" data-e-type=\"section\">\n\t\t\t\t\t\t<div class=\"elementor-container elementor-column-gap-default\">\n\t\t\t\t\t<div class=\"elementor-column elementor-col-100 elementor-top-column elementor-element elementor-element-50b01d9\" data-id=\"50b01d9\" data-element_type=\"column\" data-e-type=\"column\">\n\t\t\t<div class=\"elementor-widget-wrap elementor-element-populated\">\n\t\t\t\t\t\t<div class=\"elementor-element elementor-element-7d83a13 custom--h0 custom--mt--0 elementor-widget elementor-widget-heading\" data-id=\"7d83a13\" data-element_type=\"widget\" data-e-type=\"widget\" data-widget_type=\"heading.default\">\n\t\t\t\t<div class=\"elementor-widget-container\">\n\t\t\t\t\t<span id=7d83a13><\/span><h2 class=\"elementor-heading-title elementor-size-default\">Aktuelles<\/h2>\t\t\t\t<\/div>\n\t\t\t\t<\/div>\n\t\t\t\t\t<\/div>\n\t\t<\/div>\n\t\t\t\t\t<\/div>\n\t\t<\/section>\n\t\t\t\t<section class=\"elementor-section elementor-top-section elementor-element elementor-element-df3fad6 make--section--regular elementor-section-boxed elementor-section-height-default elementor-section-height-default\" data-id=\"df3fad6\" data-element_type=\"section\" data-e-type=\"section\">\n\t\t\t\t\t\t<div class=\"elementor-container elementor-column-gap-default\">\n\t\t\t\t\t<div class=\"elementor-column elementor-col-33 elementor-top-column elementor-element elementor-element-b2a7e76\" data-id=\"b2a7e76\" data-element_type=\"column\" data-e-type=\"column\" data-settings=\"{&quot;background_background&quot;:&quot;classic&quot;}\">\n\t\t\t<div class=\"elementor-widget-wrap elementor-element-populated\">\n\t\t\t\t\t\t<div class=\"elementor-element elementor-element-27e2939 elementor-widget elementor-widget-image\" data-id=\"27e2939\" data-element_type=\"widget\" data-e-type=\"widget\" data-widget_type=\"image.default\">\n\t\t\t\t<div class=\"elementor-widget-container\">\n\t\t\t\t\t<span id=27e2939><\/span>\t\t\t\t\t\t\t\t\t\t<img fetchpriority=\"high\" decoding=\"async\" width=\"298\" height=\"300\" src=\"https:\/\/www.pappen.de\/wp-content\/uploads\/2020\/10\/AdobeStock_233532402-298x300.jpg\" class=\"attachment-medium size-medium wp-image-2186\" alt=\"\" srcset=\"https:\/\/www.pappen.de\/wp-content\/uploads\/2020\/10\/AdobeStock_233532402-298x300.jpg 298w, https:\/\/www.pappen.de\/wp-content\/uploads\/2020\/10\/AdobeStock_233532402-150x150.jpg 150w, https:\/\/www.pappen.de\/wp-content\/uploads\/2020\/10\/AdobeStock_233532402-768x774.jpg 768w, https:\/\/www.pappen.de\/wp-content\/uploads\/2020\/10\/AdobeStock_233532402-60x60.jpg 60w, https:\/\/www.pappen.de\/wp-content\/uploads\/2020\/10\/AdobeStock_233532402.jpg 800w\" sizes=\"(max-width: 298px) 100vw, 298px\" \/>\t\t\t\t\t\t\t\t\t\t\t\t\t\t\t<\/div>\n\t\t\t\t<\/div>\n\t\t\t\t<div class=\"elementor-element elementor-element-f38629d custom--h0 custom--mt--0 elementor-widget elementor-widget-heading\" data-id=\"f38629d\" data-element_type=\"widget\" data-e-type=\"widget\" data-widget_type=\"heading.default\">\n\t\t\t\t<div class=\"elementor-widget-container\">\n\t\t\t\t\t<span id=f38629d><\/span><h3 class=\"elementor-heading-title elementor-size-default\">Wir suchen Sie<\/h3>\t\t\t\t<\/div>\n\t\t\t\t<\/div>\n\t\t\t\t<div class=\"elementor-element elementor-element-edc3dc4 elementor-widget elementor-widget-text-editor\" data-id=\"edc3dc4\" data-element_type=\"widget\" data-e-type=\"widget\" data-widget_type=\"text-editor.default\">\n\t\t\t\t<div class=\"elementor-widget-container\">\n\t\t\t\t\t<span id=edc3dc4><\/span>\t\t\t\t<p>Wir sind immer auf der Suche nach zuverl\u00e4ssigen und engagierten Mitarbeitern. Sie haben Interesse? Dann schauen Sie gleich nach, ob auch Ihr\u00a0<a style=\"background-color: #ffffff;\" href=\"https:\/\/www.pappen.de\/jobs\/\">Traumjob<\/a>\u00a0dabei ist.<\/p>\t\t\t\t\t\t\t\t<\/div>\n\t\t\t\t<\/div>\n\t\t\t\t\t<\/div>\n\t\t<\/div>\n\t\t\t\t<div class=\"elementor-column elementor-col-33 elementor-top-column elementor-element elementor-element-2a27988\" data-id=\"2a27988\" data-element_type=\"column\" data-e-type=\"column\" data-settings=\"{&quot;background_background&quot;:&quot;classic&quot;}\">\n\t\t\t<div class=\"elementor-widget-wrap elementor-element-populated\">\n\t\t\t\t\t\t<div class=\"elementor-element elementor-element-3a775da elementor-widget elementor-widget-image\" data-id=\"3a775da\" data-element_type=\"widget\" data-e-type=\"widget\" data-widget_type=\"image.default\">\n\t\t\t\t<div class=\"elementor-widget-container\">\n\t\t\t\t\t<span id=3a775da><\/span>\t\t\t\t\t\t\t\t\t\t<img decoding=\"async\" width=\"800\" height=\"427\" src=\"https:\/\/www.pappen.de\/wp-content\/uploads\/2019\/11\/Notebook-1024x547.jpg\" class=\"attachment-large size-large wp-image-453\" alt=\"\" srcset=\"https:\/\/www.pappen.de\/wp-content\/uploads\/2019\/11\/Notebook-1024x547.jpg 1024w, https:\/\/www.pappen.de\/wp-content\/uploads\/2019\/11\/Notebook-300x160.jpg 300w, https:\/\/www.pappen.de\/wp-content\/uploads\/2019\/11\/Notebook-768x410.jpg 768w\" sizes=\"(max-width: 800px) 100vw, 800px\" \/>\t\t\t\t\t\t\t\t\t\t\t\t\t\t\t<\/div>\n\t\t\t\t<\/div>\n\t\t\t\t<div class=\"elementor-element elementor-element-0fe3e43 custom--h0 custom--mt--0 elementor-widget elementor-widget-heading\" data-id=\"0fe3e43\" data-element_type=\"widget\" data-e-type=\"widget\" data-widget_type=\"heading.default\">\n\t\t\t\t<div class=\"elementor-widget-container\">\n\t\t\t\t\t<span id=0fe3e43><\/span><h3 class=\"elementor-heading-title elementor-size-default\">Neue Website<\/h3>\t\t\t\t<\/div>\n\t\t\t\t<\/div>\n\t\t\t\t<div class=\"elementor-element elementor-element-318836f elementor-widget elementor-widget-text-editor\" data-id=\"318836f\" data-element_type=\"widget\" data-e-type=\"widget\" data-widget_type=\"text-editor.default\">\n\t\t\t\t<div class=\"elementor-widget-container\">\n\t\t\t\t\t<span id=318836f><\/span>\t\t\t\t<p>Unsere neue Website ist online! Wir w\u00fcnschen Ihnen viel Spa\u00df beim Erkunden und danken der Schw\u00e4bisch Haller\u00a0<a style=\"background-color: #ffffff;\" href=\"http:\/\/www.screengallery.de\/\">Werbeagentur screengallery<\/a>\u00a0f\u00fcr die hervorragende Umsetzung.<\/p>\t\t\t\t\t\t\t\t<\/div>\n\t\t\t\t<\/div>\n\t\t\t\t\t<\/div>\n\t\t<\/div>\n\t\t\t\t<div class=\"elementor-column elementor-col-33 elementor-top-column elementor-element elementor-element-671ff7f\" data-id=\"671ff7f\" data-element_type=\"column\" data-e-type=\"column\" data-settings=\"{&quot;background_background&quot;:&quot;classic&quot;}\">\n\t\t\t<div class=\"elementor-widget-wrap elementor-element-populated\">\n\t\t\t\t\t\t<div class=\"elementor-element elementor-element-130683c elementor-widget elementor-widget-image\" data-id=\"130683c\" data-element_type=\"widget\" data-e-type=\"widget\" data-widget_type=\"image.default\">\n\t\t\t\t<div class=\"elementor-widget-container\">\n\t\t\t\t\t<span id=130683c><\/span>\t\t\t\t\t\t\t\t\t\t<img decoding=\"async\" src=\"https:\/\/www.pappen.de\/wp-content\/uploads\/2022\/08\/440x220_de.jpeg\" title=\"\" alt=\"\" loading=\"lazy\" \/>\t\t\t\t\t\t\t\t\t\t\t\t\t\t\t<\/div>\n\t\t\t\t<\/div>\n\t\t\t\t<div class=\"elementor-element elementor-element-1efac6e custom--h0 custom--mt--0 elementor-widget elementor-widget-heading\" data-id=\"1efac6e\" data-element_type=\"widget\" data-e-type=\"widget\" data-widget_type=\"heading.default\">\n\t\t\t\t<div class=\"elementor-widget-container\">\n\t\t\t\t\t<span id=1efac6e><\/span><h3 class=\"elementor-heading-title elementor-size-default\">Fachpack 2022<\/h3>\t\t\t\t<\/div>\n\t\t\t\t<\/div>\n\t\t\t\t<div class=\"elementor-element elementor-element-45a864e elementor-widget elementor-widget-text-editor\" data-id=\"45a864e\" data-element_type=\"widget\" data-e-type=\"widget\" data-widget_type=\"text-editor.default\">\n\t\t\t\t<div class=\"elementor-widget-container\">\n\t\t\t\t\t<span id=45a864e><\/span>\t\t\t\t<p>Vom 27.-29.9.2022 findet in N\u00fcrnberg die Europ\u00e4ische Fachmesse f\u00fcr Verpackung, Technik und Prozesse statt. Wir laden Sie herzlich ein, uns in <strong>Halle 9 am Stand 247<\/strong> zu besuchen.<\/p>\t\t\t\t\t\t\t\t<\/div>\n\t\t\t\t<\/div>\n\t\t\t\t\t<\/div>\n\t\t<\/div>\n\t\t\t\t\t<\/div>\n\t\t<\/section>\n\t\t\t\t<section class=\"elementor-section elementor-top-section elementor-element elementor-element-4bc4005 make--section--regular elementor-section-boxed elementor-section-height-default elementor-section-height-default\" data-id=\"4bc4005\" data-element_type=\"section\" data-e-type=\"section\">\n\t\t\t\t\t\t<div class=\"elementor-container elementor-column-gap-default\">\n\t\t\t\t\t<div class=\"elementor-column elementor-col-50 elementor-top-column elementor-element elementor-element-521b43e\" data-id=\"521b43e\" data-element_type=\"column\" data-e-type=\"column\">\n\t\t\t<div class=\"elementor-widget-wrap elementor-element-populated\">\n\t\t\t\t\t\t<div class=\"elementor-element elementor-element-f26bd64 elementor-widget elementor-widget-text-editor\" data-id=\"f26bd64\" data-element_type=\"widget\" data-e-type=\"widget\" data-widget_type=\"text-editor.default\">\n\t\t\t\t<div class=\"elementor-widget-container\">\n\t\t\t\t\t<span id=f26bd64><\/span>\t\t\t\t<h2>Zur Weiterverarbeitung<\/h2><p><a href=\"https:\/\/www.pappen.de\/produkte\/veredelungsmoeglichkeiten\/\"><br \/>weiter geht\u00b4s<\/a><\/p>\t\t\t\t\t\t\t\t<\/div>\n\t\t\t\t<\/div>\n\t\t\t\t\t<\/div>\n\t\t<\/div>\n\t\t\t\t<div class=\"elementor-column elementor-col-50 elementor-top-column elementor-element elementor-element-132f901\" data-id=\"132f901\" data-element_type=\"column\" data-e-type=\"column\">\n\t\t\t<div class=\"elementor-widget-wrap elementor-element-populated\">\n\t\t\t\t\t\t<div class=\"elementor-element elementor-element-dcfcb13 elementor-widget elementor-widget-text-editor\" data-id=\"dcfcb13\" data-element_type=\"widget\" data-e-type=\"widget\" data-widget_type=\"text-editor.default\">\n\t\t\t\t<div class=\"elementor-widget-container\">\n\t\t\t\t\t<span id=dcfcb13><\/span>\t\t\t\t<h2>Zur Produkt\u00fcbersicht<\/h2><p><a href=\"https:\/\/www.pappen.de\/de\/produkte\/produktuebersicht\/\"><br \/>weiter geht\u00b4s<\/a><\/p>\t\t\t\t\t\t\t\t<\/div>\n\t\t\t\t<\/div>\n\t\t\t\t\t<\/div>\n\t\t<\/div>\n\t\t\t\t\t<\/div>\n\t\t<\/section>\n\t\t\t\t<\/div>\n\t\t","protected":false},"excerpt":{"rendered":"<p>Als Hersteller von Vollpappeprodukten geh\u00f6ren wir zu den f\u00fchrenden Anbietern in Deutschland. Wir entwickeln perfekte L\u00f6sungen f\u00fcr die unterschiedlichsten industriellen [&hellip;]<\/p>\n","protected":false},"author":1,"featured_media":1610,"parent":0,"menu_order":20,"comment_status":"closed","ping_status":"closed","template":"","meta":{"_acf_changed":false,"footnotes":""},"class_list":["post-12","page","type-page","status-publish","has-post-thumbnail","hentry"],"acf":[],"_links":{"self":[{"href":"https:\/\/www.pappen.de\/de\/wp-json\/wp\/v2\/pages\/12","targetHints":{"allow":["GET"]}}],"collection":[{"href":"https:\/\/www.pappen.de\/de\/wp-json\/wp\/v2\/pages"}],"about":[{"href":"https:\/\/www.pappen.de\/de\/wp-json\/wp\/v2\/types\/page"}],"author":[{"embeddable":true,"href":"https:\/\/www.pappen.de\/de\/wp-json\/wp\/v2\/users\/1"}],"replies":[{"embeddable":true,"href":"https:\/\/www.pappen.de\/de\/wp-json\/wp\/v2\/comments?post=12"}],"version-history":[{"count":50,"href":"https:\/\/www.pappen.de\/de\/wp-json\/wp\/v2\/pages\/12\/revisions"}],"predecessor-version":[{"id":5652,"href":"https:\/\/www.pappen.de\/de\/wp-json\/wp\/v2\/pages\/12\/revisions\/5652"}],"wp:featuredmedia":[{"embeddable":true,"href":"https:\/\/www.pappen.de\/de\/wp-json\/wp\/v2\/media\/1610"}],"wp:attachment":[{"href":"https:\/\/www.pappen.de\/de\/wp-json\/wp\/v2\/media?parent=12"}],"curies":[{"name":"wp","href":"https:\/\/api.w.org\/{rel}","templated":true}]}}