{"id":22,"date":"2019-08-18T12:38:08","date_gmt":"2019-08-18T10:38:08","guid":{"rendered":"http:\/\/pappen.arbeitslink.de\/?page_id=22"},"modified":"2020-08-31T11:26:25","modified_gmt":"2020-08-31T09:26:25","slug":"logistik","status":"publish","type":"page","link":"https:\/\/www.pappen.de\/de\/logistik\/","title":{"rendered":"Logistik"},"content":{"rendered":"\t\t<div data-elementor-type=\"wp-page\" data-elementor-id=\"22\" class=\"elementor elementor-22\" data-elementor-post-type=\"page\">\n\t\t\t\t\t\t<section class=\"elementor-section elementor-top-section elementor-element elementor-element-e83270f make--section--regular elementor-section-boxed elementor-section-height-default elementor-section-height-default\" data-id=\"e83270f\" data-element_type=\"section\" data-e-type=\"section\">\n\t\t\t\t\t\t<div class=\"elementor-container elementor-column-gap-default\">\n\t\t\t\t\t<div class=\"elementor-column elementor-col-100 elementor-top-column elementor-element elementor-element-eda7260\" data-id=\"eda7260\" data-element_type=\"column\" data-e-type=\"column\">\n\t\t\t<div class=\"elementor-widget-wrap elementor-element-populated\">\n\t\t\t\t\t\t<div class=\"elementor-element elementor-element-0296100 elementor-widget elementor-widget-text-editor\" data-id=\"0296100\" data-element_type=\"widget\" data-e-type=\"widget\" data-widget_type=\"text-editor.default\">\n\t\t\t\t<div class=\"elementor-widget-container\">\n\t\t\t\t\t<span id=0296100><\/span>\t\t\t\t<p>Zusammen mit unseren Logistikpartnern sorgen wir daf\u00fcr, dass Ihre Bestellungen termingerecht angeliefert werden.&nbsp;Komplettladungen, St\u00fcckgut oder auch kurzfristige Anlieferungen &#8211; wir finden eine L\u00f6sung.&nbsp;<\/p>\t\t\t\t\t\t\t\t<\/div>\n\t\t\t\t<\/div>\n\t\t\t\t\t<\/div>\n\t\t<\/div>\n\t\t\t\t\t<\/div>\n\t\t<\/section>\n\t\t\t\t<section class=\"elementor-section elementor-top-section elementor-element elementor-element-62f9680 make--section--regular elementor-section-boxed elementor-section-height-default elementor-section-height-default\" data-id=\"62f9680\" data-element_type=\"section\" data-e-type=\"section\">\n\t\t\t\t\t\t<div class=\"elementor-container elementor-column-gap-default\">\n\t\t\t\t\t<div class=\"elementor-column elementor-col-25 elementor-top-column elementor-element elementor-element-a63a92f\" data-id=\"a63a92f\" data-element_type=\"column\" data-e-type=\"column\">\n\t\t\t<div class=\"elementor-widget-wrap\">\n\t\t\t\t\t\t\t<\/div>\n\t\t<\/div>\n\t\t\t\t<div class=\"elementor-column elementor-col-50 elementor-top-column elementor-element elementor-element-9faa4ab\" data-id=\"9faa4ab\" data-element_type=\"column\" data-e-type=\"column\">\n\t\t\t<div class=\"elementor-widget-wrap elementor-element-populated\">\n\t\t\t\t\t\t<div class=\"elementor-element elementor-element-7628e66 elementor-widget elementor-widget-image\" data-id=\"7628e66\" data-element_type=\"widget\" data-e-type=\"widget\" data-widget_type=\"image.default\">\n\t\t\t\t<div class=\"elementor-widget-container\">\n\t\t\t\t\t<span id=7628e66><\/span>\t\t\t\t\t\t\t\t\t\t<img fetchpriority=\"high\" decoding=\"async\" width=\"800\" height=\"457\" src=\"https:\/\/www.pappen.de\/wp-content\/uploads\/2020\/02\/AdobeStock_238109230.jpg\" class=\"attachment-large size-large wp-image-915\" alt=\"\" srcset=\"https:\/\/www.pappen.de\/wp-content\/uploads\/2020\/02\/AdobeStock_238109230.jpg 800w, https:\/\/www.pappen.de\/wp-content\/uploads\/2020\/02\/AdobeStock_238109230-300x171.jpg 300w, https:\/\/www.pappen.de\/wp-content\/uploads\/2020\/02\/AdobeStock_238109230-768x439.jpg 768w\" sizes=\"(max-width: 800px) 100vw, 800px\" \/>\t\t\t\t\t\t\t\t\t\t\t\t\t\t\t<\/div>\n\t\t\t\t<\/div>\n\t\t\t\t\t<\/div>\n\t\t<\/div>\n\t\t\t\t<div class=\"elementor-column elementor-col-25 elementor-top-column elementor-element elementor-element-34d2b61\" data-id=\"34d2b61\" data-element_type=\"column\" data-e-type=\"column\">\n\t\t\t<div class=\"elementor-widget-wrap\">\n\t\t\t\t\t\t\t<\/div>\n\t\t<\/div>\n\t\t\t\t\t<\/div>\n\t\t<\/section>\n\t\t\t\t<\/div>\n\t\t","protected":false},"excerpt":{"rendered":"<p>Zusammen mit unseren Logistikpartnern sorgen wir daf\u00fcr, dass Ihre Bestellungen termingerecht angeliefert werden.&nbsp;Komplettladungen, St\u00fcckgut oder auch kurzfristige Anlieferungen &#8211; wir [&hellip;]<\/p>\n","protected":false},"author":1,"featured_media":1268,"parent":0,"menu_order":50,"comment_status":"closed","ping_status":"closed","template":"","meta":{"_acf_changed":false,"footnotes":""},"class_list":["post-22","page","type-page","status-publish","has-post-thumbnail","hentry"],"acf":[],"_links":{"self":[{"href":"https:\/\/www.pappen.de\/de\/wp-json\/wp\/v2\/pages\/22","targetHints":{"allow":["GET"]}}],"collection":[{"href":"https:\/\/www.pappen.de\/de\/wp-json\/wp\/v2\/pages"}],"about":[{"href":"https:\/\/www.pappen.de\/de\/wp-json\/wp\/v2\/types\/page"}],"author":[{"embeddable":true,"href":"https:\/\/www.pappen.de\/de\/wp-json\/wp\/v2\/users\/1"}],"replies":[{"embeddable":true,"href":"https:\/\/www.pappen.de\/de\/wp-json\/wp\/v2\/comments?post=22"}],"version-history":[{"count":10,"href":"https:\/\/www.pappen.de\/de\/wp-json\/wp\/v2\/pages\/22\/revisions"}],"predecessor-version":[{"id":1656,"href":"https:\/\/www.pappen.de\/de\/wp-json\/wp\/v2\/pages\/22\/revisions\/1656"}],"wp:featuredmedia":[{"embeddable":true,"href":"https:\/\/www.pappen.de\/de\/wp-json\/wp\/v2\/media\/1268"}],"wp:attachment":[{"href":"https:\/\/www.pappen.de\/de\/wp-json\/wp\/v2\/media?parent=22"}],"curies":[{"name":"wp","href":"https:\/\/api.w.org\/{rel}","templated":true}]}}