{"id":41,"date":"2019-08-18T12:40:12","date_gmt":"2019-08-18T10:40:12","guid":{"rendered":"http:\/\/pappen.arbeitslink.de\/?page_id=41"},"modified":"2025-06-02T13:21:09","modified_gmt":"2025-06-02T11:21:09","slug":"zertifikate","status":"publish","type":"page","link":"https:\/\/www.pappen.de\/de\/tullau-pappen\/zertifikate\/","title":{"rendered":"Zertifikate"},"content":{"rendered":"\t\t<div data-elementor-type=\"wp-page\" data-elementor-id=\"41\" class=\"elementor elementor-41\" data-elementor-post-type=\"page\">\n\t\t\t\t\t\t<section class=\"elementor-section elementor-top-section elementor-element elementor-element-142ac4a make--section--regular elementor-section-boxed elementor-section-height-default elementor-section-height-default\" data-id=\"142ac4a\" data-element_type=\"section\" data-e-type=\"section\">\n\t\t\t\t\t\t<div class=\"elementor-container elementor-column-gap-default\">\n\t\t\t\t\t<div class=\"elementor-column elementor-col-100 elementor-top-column elementor-element elementor-element-db10436\" data-id=\"db10436\" data-element_type=\"column\" data-e-type=\"column\">\n\t\t\t<div class=\"elementor-widget-wrap elementor-element-populated\">\n\t\t\t\t\t\t<section class=\"elementor-section elementor-inner-section elementor-element elementor-element-601a506 make--section--regular elementor-section-boxed elementor-section-height-default elementor-section-height-default\" data-id=\"601a506\" data-element_type=\"section\" data-e-type=\"section\">\n\t\t\t\t\t\t<div class=\"elementor-container elementor-column-gap-wider\">\n\t\t\t\t\t<div class=\"elementor-column elementor-col-50 elementor-inner-column elementor-element elementor-element-1ce194e\" data-id=\"1ce194e\" data-element_type=\"column\" data-e-type=\"column\">\n\t\t\t<div class=\"elementor-widget-wrap elementor-element-populated\">\n\t\t\t\t\t\t<div class=\"elementor-element elementor-element-000076f elementor-widget elementor-widget-image\" data-id=\"000076f\" data-element_type=\"widget\" data-e-type=\"widget\" data-widget_type=\"image.default\">\n\t\t\t\t<div class=\"elementor-widget-container\">\n\t\t\t\t\t<span id=000076f><\/span>\t\t\t\t\t\t\t\t\t\t\t<a href=\"https:\/\/www.pappen.de\/wp-content\/uploads\/2025\/06\/Urkunde_Blauer-Engel.png\" data-elementor-open-lightbox=\"yes\" data-elementor-lightbox-title=\"Urkunde_Blauer-Engel\" data-e-action-hash=\"#elementor-action%3Aaction%3Dlightbox%26settings%3DeyJpZCI6NTQxMiwidXJsIjoiaHR0cHM6XC9cL3d3dy5wYXBwZW4uZGVcL3dwLWNvbnRlbnRcL3VwbG9hZHNcLzIwMjVcLzA2XC9Vcmt1bmRlX0JsYXVlci1FbmdlbC5wbmcifQ%3D%3D\">\n\t\t\t\t\t\t\t<img fetchpriority=\"high\" decoding=\"async\" width=\"565\" height=\"800\" src=\"https:\/\/www.pappen.de\/wp-content\/uploads\/2025\/06\/Urkunde_Blauer-Engel.png\" class=\"attachment-large size-large wp-image-5412\" alt=\"\" srcset=\"https:\/\/www.pappen.de\/wp-content\/uploads\/2025\/06\/Urkunde_Blauer-Engel.png 565w, https:\/\/www.pappen.de\/wp-content\/uploads\/2025\/06\/Urkunde_Blauer-Engel-212x300.png 212w\" sizes=\"(max-width: 565px) 100vw, 565px\" \/>\t\t\t\t\t\t\t\t<\/a>\n\t\t\t\t\t\t\t\t\t\t\t\t\t\t\t<\/div>\n\t\t\t\t<\/div>\n\t\t\t\t\t<\/div>\n\t\t<\/div>\n\t\t\t\t<div class=\"elementor-column elementor-col-50 elementor-inner-column elementor-element elementor-element-e3413bf\" data-id=\"e3413bf\" data-element_type=\"column\" data-e-type=\"column\">\n\t\t\t<div class=\"elementor-widget-wrap elementor-element-populated\">\n\t\t\t\t\t\t<div class=\"elementor-element elementor-element-0460a7c elementor-widget elementor-widget-text-editor\" data-id=\"0460a7c\" data-element_type=\"widget\" data-e-type=\"widget\" data-widget_type=\"text-editor.default\">\n\t\t\t\t<div class=\"elementor-widget-container\">\n\t\t\t\t\t<span id=0460a7c><\/span>\t\t\t\t<h3>Blauer Engel<\/h3><p>Der Blaue Engel ist das Umweltzeichen der Bundesregierung. Er ber\u00fccksichtigt wichtige Kriterien wie Energieverbrauch, Klimaauswirkungen, Abfallmanagement und den Einsatz problematischer Rohstoffe. <br \/>Das Zertifikat steht f\u00fcr besondere Umweltfreundlichkeit und kennzeichnet umweltschonende Produkte und Dienstleistungen.<br \/><strong>Zu diesen Produkten z\u00e4hlt nun auch unser Karton bis 1250 g\/m\u00b2.<\/strong> <br \/>Wir freuen uns, das Umweltzeichen Blauer Engel f\u00fcr unseren Karton erhalten zu haben!<br \/>Damit setzen wir ein Zeichen f\u00fcr umweltbewusste Verpackungsl\u00f6sungen und tragen aktiv zum Schutz unserer Umwelt bei.<\/p>\t\t\t\t\t\t\t\t<\/div>\n\t\t\t\t<\/div>\n\t\t\t\t\t<\/div>\n\t\t<\/div>\n\t\t\t\t\t<\/div>\n\t\t<\/section>\n\t\t\t\t<div class=\"elementor-element elementor-element-a9b274c elementor-widget-divider--view-line elementor-widget elementor-widget-divider\" data-id=\"a9b274c\" data-element_type=\"widget\" data-e-type=\"widget\" data-widget_type=\"divider.default\">\n\t\t\t\t<div class=\"elementor-widget-container\">\n\t\t\t\t\t<span id=a9b274c><\/span>\t\t<div class=\"elementor-divider\">\n\t\t\t<span class=\"elementor-divider-separator\">\n\t\t\t\t\t\t<\/span>\n\t\t<\/div>\n\t\t\t\t\t\t<\/div>\n\t\t\t\t<\/div>\n\t\t\t\t\t<\/div>\n\t\t<\/div>\n\t\t\t\t\t<\/div>\n\t\t<\/section>\n\t\t\t\t<section class=\"elementor-section elementor-top-section elementor-element elementor-element-5df6864 make--section--regular elementor-section-boxed elementor-section-height-default elementor-section-height-default\" data-id=\"5df6864\" data-element_type=\"section\" data-e-type=\"section\">\n\t\t\t\t\t\t<div class=\"elementor-container elementor-column-gap-default\">\n\t\t\t\t\t<div class=\"elementor-column elementor-col-33 elementor-top-column elementor-element elementor-element-792ca3b\" data-id=\"792ca3b\" data-element_type=\"column\" data-e-type=\"column\">\n\t\t\t<div class=\"elementor-widget-wrap elementor-element-populated\">\n\t\t\t\t\t\t<div class=\"elementor-element elementor-element-bda5c09 elementor-widget elementor-widget-image\" data-id=\"bda5c09\" data-element_type=\"widget\" data-e-type=\"widget\" data-widget_type=\"image.default\">\n\t\t\t\t<div class=\"elementor-widget-container\">\n\t\t\t\t\t<span id=bda5c09><\/span>\t\t\t\t\t\t\t\t\t\t\t<a href=\"https:\/\/www.pappen.de\/wp-content\/uploads\/2024\/08\/2023-50001-Zertifikat-Tu-2023-bis-2026.jpg\" data-elementor-open-lightbox=\"yes\" data-elementor-lightbox-title=\"2023 50001 Zertifikat Tu 2023 bis 2026\" data-e-action-hash=\"#elementor-action%3Aaction%3Dlightbox%26settings%3DeyJpZCI6NDk3NywidXJsIjoiaHR0cHM6XC9cL3d3dy5wYXBwZW4uZGVcL3dwLWNvbnRlbnRcL3VwbG9hZHNcLzIwMjRcLzA4XC8yMDIzLTUwMDAxLVplcnRpZmlrYXQtVHUtMjAyMy1iaXMtMjAyNi5qcGcifQ%3D%3D\">\n\t\t\t\t\t\t\t<img decoding=\"async\" width=\"768\" height=\"1086\" src=\"https:\/\/www.pappen.de\/wp-content\/uploads\/2024\/08\/2023-50001-Zertifikat-Tu-2023-bis-2026-768x1086.jpg\" class=\"attachment-medium_large size-medium_large wp-image-4977\" alt=\"\" srcset=\"https:\/\/www.pappen.de\/wp-content\/uploads\/2024\/08\/2023-50001-Zertifikat-Tu-2023-bis-2026-768x1086.jpg 768w, https:\/\/www.pappen.de\/wp-content\/uploads\/2024\/08\/2023-50001-Zertifikat-Tu-2023-bis-2026-212x300.jpg 212w, https:\/\/www.pappen.de\/wp-content\/uploads\/2024\/08\/2023-50001-Zertifikat-Tu-2023-bis-2026-724x1024.jpg 724w, https:\/\/www.pappen.de\/wp-content\/uploads\/2024\/08\/2023-50001-Zertifikat-Tu-2023-bis-2026-1087x1536.jpg 1087w, https:\/\/www.pappen.de\/wp-content\/uploads\/2024\/08\/2023-50001-Zertifikat-Tu-2023-bis-2026.jpg 1240w\" sizes=\"(max-width: 768px) 100vw, 768px\" \/>\t\t\t\t\t\t\t\t<\/a>\n\t\t\t\t\t\t\t\t\t\t\t\t\t\t\t<\/div>\n\t\t\t\t<\/div>\n\t\t\t\t\t<\/div>\n\t\t<\/div>\n\t\t\t\t<div class=\"elementor-column elementor-col-66 elementor-top-column elementor-element elementor-element-e815679\" data-id=\"e815679\" data-element_type=\"column\" data-e-type=\"column\">\n\t\t\t<div class=\"elementor-widget-wrap elementor-element-populated\">\n\t\t\t\t\t\t<div class=\"elementor-element elementor-element-1b58b69 elementor-widget elementor-widget-text-editor\" data-id=\"1b58b69\" data-element_type=\"widget\" data-e-type=\"widget\" data-widget_type=\"text-editor.default\">\n\t\t\t\t<div class=\"elementor-widget-container\">\n\t\t\t\t\t<span id=1b58b69><\/span>\t\t\t\t<h3>Energiemanagementsystem<\/h3>\t\t\t\t\t\t\t\t<\/div>\n\t\t\t\t<\/div>\n\t\t\t\t<div class=\"elementor-element elementor-element-fcc04a7 elementor-widget elementor-widget-text-editor\" data-id=\"fcc04a7\" data-element_type=\"widget\" data-e-type=\"widget\" data-widget_type=\"text-editor.default\">\n\t\t\t\t<div class=\"elementor-widget-container\">\n\t\t\t\t\t<span id=fcc04a7><\/span>\t\t\t\t<p>Ressourcenschonung erachten wir als ein wirtschaftliches Grundprinzip. Die nachhaltige Optimierung unseres Energieverbrauchs ist die M\u00f6glichkeit, dies zu unterst\u00fctzen. <br \/>Ausgehend von der st\u00e4ndigen Verbesserung der Prozesse gew\u00e4hrleisten wir eine kontinuierliche Optimierung der energiebezogenen Leistung in allen Unternehmensbereichen. <br \/><br \/>Wir freuen uns sehr, dass die Zertifizierung nach <strong>DIN EN ISO 50001<\/strong> f\u00fcr unsere Werke Tullau und Trauchgau verl\u00e4ngert wurde<\/p>\t\t\t\t\t\t\t\t<\/div>\n\t\t\t\t<\/div>\n\t\t\t\t\t<\/div>\n\t\t<\/div>\n\t\t\t\t\t<\/div>\n\t\t<\/section>\n\t\t\t\t<section class=\"elementor-section elementor-top-section elementor-element elementor-element-e69da4f make--section--regular elementor-section-boxed elementor-section-height-default elementor-section-height-default\" data-id=\"e69da4f\" data-element_type=\"section\" data-e-type=\"section\">\n\t\t\t\t\t\t<div class=\"elementor-container elementor-column-gap-default\">\n\t\t\t\t\t<div class=\"elementor-column elementor-col-100 elementor-top-column elementor-element elementor-element-1972fa4\" data-id=\"1972fa4\" data-element_type=\"column\" data-e-type=\"column\">\n\t\t\t<div class=\"elementor-widget-wrap elementor-element-populated\">\n\t\t\t\t\t\t<div class=\"elementor-element elementor-element-f80b0c0 elementor-widget-divider--view-line elementor-widget elementor-widget-divider\" data-id=\"f80b0c0\" data-element_type=\"widget\" data-e-type=\"widget\" data-widget_type=\"divider.default\">\n\t\t\t\t<div class=\"elementor-widget-container\">\n\t\t\t\t\t<span id=f80b0c0><\/span>\t\t<div class=\"elementor-divider\">\n\t\t\t<span class=\"elementor-divider-separator\">\n\t\t\t\t\t\t<\/span>\n\t\t<\/div>\n\t\t\t\t\t\t<\/div>\n\t\t\t\t<\/div>\n\t\t\t\t\t<\/div>\n\t\t<\/div>\n\t\t\t\t\t<\/div>\n\t\t<\/section>\n\t\t\t\t<section class=\"elementor-section elementor-top-section elementor-element elementor-element-73e846a make--section--regular elementor-section-boxed elementor-section-height-default elementor-section-height-default\" data-id=\"73e846a\" data-element_type=\"section\" data-e-type=\"section\">\n\t\t\t\t\t\t<div class=\"elementor-container elementor-column-gap-default\">\n\t\t\t\t\t<div class=\"elementor-column elementor-col-33 elementor-top-column elementor-element elementor-element-1fe24d6\" data-id=\"1fe24d6\" data-element_type=\"column\" data-e-type=\"column\">\n\t\t\t<div class=\"elementor-widget-wrap elementor-element-populated\">\n\t\t\t\t\t\t<div class=\"elementor-element elementor-element-73fb83a elementor-widget elementor-widget-image\" data-id=\"73fb83a\" data-element_type=\"widget\" data-e-type=\"widget\" data-widget_type=\"image.default\">\n\t\t\t\t<div class=\"elementor-widget-container\">\n\t\t\t\t\t<span id=73fb83a><\/span>\t\t\t\t\t\t\t\t\t\t\t<a href=\"https:\/\/www.pappen.de\/wp-content\/uploads\/2024\/08\/FSC-Tullau-Pappen-2024-bis-2029.jpg\" data-elementor-open-lightbox=\"yes\" data-elementor-lightbox-title=\"FSC Tullau Pappen 2024 bis 2029\" data-e-action-hash=\"#elementor-action%3Aaction%3Dlightbox%26settings%3DeyJpZCI6NDk3OSwidXJsIjoiaHR0cHM6XC9cL3d3dy5wYXBwZW4uZGVcL3dwLWNvbnRlbnRcL3VwbG9hZHNcLzIwMjRcLzA4XC9GU0MtVHVsbGF1LVBhcHBlbi0yMDI0LWJpcy0yMDI5LmpwZyJ9\">\n\t\t\t\t\t\t\t<img decoding=\"async\" width=\"723\" height=\"1024\" src=\"https:\/\/www.pappen.de\/wp-content\/uploads\/2024\/08\/FSC-Tullau-Pappen-2024-bis-2029.jpg\" class=\"attachment-medium_large size-medium_large wp-image-4979\" alt=\"\" srcset=\"https:\/\/www.pappen.de\/wp-content\/uploads\/2024\/08\/FSC-Tullau-Pappen-2024-bis-2029.jpg 723w, https:\/\/www.pappen.de\/wp-content\/uploads\/2024\/08\/FSC-Tullau-Pappen-2024-bis-2029-212x300.jpg 212w\" sizes=\"(max-width: 723px) 100vw, 723px\" \/>\t\t\t\t\t\t\t\t<\/a>\n\t\t\t\t\t\t\t\t\t\t\t\t\t\t\t<\/div>\n\t\t\t\t<\/div>\n\t\t\t\t\t<\/div>\n\t\t<\/div>\n\t\t\t\t<div class=\"elementor-column elementor-col-66 elementor-top-column elementor-element elementor-element-6f5b222\" data-id=\"6f5b222\" data-element_type=\"column\" data-e-type=\"column\">\n\t\t\t<div class=\"elementor-widget-wrap elementor-element-populated\">\n\t\t\t\t\t\t<div class=\"elementor-element elementor-element-7af8697 elementor-widget elementor-widget-text-editor\" data-id=\"7af8697\" data-element_type=\"widget\" data-e-type=\"widget\" data-widget_type=\"text-editor.default\">\n\t\t\t\t<div class=\"elementor-widget-container\">\n\t\t\t\t\t<span id=7af8697><\/span>\t\t\t\t<h3>FSC<sup>\u00ae<\/sup> -Zertifizierung (FSC-C120656)\u00a0<\/h3>\t\t\t\t\t\t\t\t<\/div>\n\t\t\t\t<\/div>\n\t\t\t\t<div class=\"elementor-element elementor-element-76149a3 elementor-widget elementor-widget-text-editor\" data-id=\"76149a3\" data-element_type=\"widget\" data-e-type=\"widget\" data-widget_type=\"text-editor.default\">\n\t\t\t\t<div class=\"elementor-widget-container\">\n\t\t\t\t\t<span id=76149a3><\/span>\t\t\t\t<p>Bei uns k\u00f6nnen Sie Produkte erhalten, die nachweislich aus nachhaltiger Waldwirtschaft stammen. Dies dokumentieren wir mit dem FSC-Label.<\/p><p>Produkte mit FSC-Label sichern die Nutzung der W\u00e4lder gem\u00e4\u00df den sozialen, \u00f6konomischen und \u00f6kologischen Bed\u00fcrfnissen heutiger und zuk\u00fcnfiger Generationen.<\/p><p>Wir sind stolz darauf, dass unsere Produkte den strengen Anforderungen der Zertifizierung gerecht werden und freuen uns auf Ihre Anfragen!<\/p>\t\t\t\t\t\t\t\t<\/div>\n\t\t\t\t<\/div>\n\t\t\t\t\t<\/div>\n\t\t<\/div>\n\t\t\t\t\t<\/div>\n\t\t<\/section>\n\t\t\t\t<section class=\"elementor-section elementor-top-section elementor-element elementor-element-6be7cab make--section--regular elementor-section-boxed elementor-section-height-default elementor-section-height-default\" data-id=\"6be7cab\" data-element_type=\"section\" data-e-type=\"section\">\n\t\t\t\t\t\t<div class=\"elementor-container elementor-column-gap-default\">\n\t\t\t\t\t<div class=\"elementor-column elementor-col-100 elementor-top-column elementor-element elementor-element-43c1d03\" data-id=\"43c1d03\" data-element_type=\"column\" data-e-type=\"column\">\n\t\t\t<div class=\"elementor-widget-wrap elementor-element-populated\">\n\t\t\t\t\t\t<div class=\"elementor-element elementor-element-edd8978 elementor-widget-divider--view-line elementor-widget elementor-widget-divider\" data-id=\"edd8978\" data-element_type=\"widget\" data-e-type=\"widget\" data-widget_type=\"divider.default\">\n\t\t\t\t<div class=\"elementor-widget-container\">\n\t\t\t\t\t<span id=edd8978><\/span>\t\t<div class=\"elementor-divider\">\n\t\t\t<span class=\"elementor-divider-separator\">\n\t\t\t\t\t\t<\/span>\n\t\t<\/div>\n\t\t\t\t\t\t<\/div>\n\t\t\t\t<\/div>\n\t\t\t\t\t<\/div>\n\t\t<\/div>\n\t\t\t\t\t<\/div>\n\t\t<\/section>\n\t\t\t\t<section class=\"elementor-section elementor-top-section elementor-element elementor-element-dc27151 make--section--regular elementor-section-boxed elementor-section-height-default elementor-section-height-default\" data-id=\"dc27151\" data-element_type=\"section\" data-e-type=\"section\">\n\t\t\t\t\t\t<div class=\"elementor-container elementor-column-gap-default\">\n\t\t\t\t\t<div class=\"elementor-column elementor-col-33 elementor-top-column elementor-element elementor-element-ab8d596\" data-id=\"ab8d596\" data-element_type=\"column\" data-e-type=\"column\">\n\t\t\t<div class=\"elementor-widget-wrap elementor-element-populated\">\n\t\t\t\t\t\t<div class=\"elementor-element elementor-element-241a229 elementor-widget elementor-widget-image\" data-id=\"241a229\" data-element_type=\"widget\" data-e-type=\"widget\" data-widget_type=\"image.default\">\n\t\t\t\t<div class=\"elementor-widget-container\">\n\t\t\t\t\t<span id=241a229><\/span>\t\t\t\t\t\t\t\t\t\t\t<a href=\"https:\/\/www.pappen.de\/wp-content\/uploads\/2023\/10\/Zertifikat-ISEGA-2023-ZNN-CNN-CMN-Okt-2023.pdf\" target=\"_blank\">\n\t\t\t\t\t\t\t<img loading=\"lazy\" decoding=\"async\" width=\"768\" height=\"1086\" src=\"https:\/\/www.pappen.de\/wp-content\/uploads\/2020\/02\/Zertifikat_ISEGA-51152-1-768x1086.jpg\" class=\"attachment-medium_large size-medium_large wp-image-899\" alt=\"\" srcset=\"https:\/\/www.pappen.de\/wp-content\/uploads\/2020\/02\/Zertifikat_ISEGA-51152-1-768x1086.jpg 768w, https:\/\/www.pappen.de\/wp-content\/uploads\/2020\/02\/Zertifikat_ISEGA-51152-1-212x300.jpg 212w, https:\/\/www.pappen.de\/wp-content\/uploads\/2020\/02\/Zertifikat_ISEGA-51152-1-724x1024.jpg 724w, https:\/\/www.pappen.de\/wp-content\/uploads\/2020\/02\/Zertifikat_ISEGA-51152-1.jpg 900w\" sizes=\"(max-width: 768px) 100vw, 768px\" \/>\t\t\t\t\t\t\t\t<\/a>\n\t\t\t\t\t\t\t\t\t\t\t\t\t\t\t<\/div>\n\t\t\t\t<\/div>\n\t\t\t\t\t<\/div>\n\t\t<\/div>\n\t\t\t\t<div class=\"elementor-column elementor-col-66 elementor-top-column elementor-element elementor-element-76a0aa0\" data-id=\"76a0aa0\" data-element_type=\"column\" data-e-type=\"column\">\n\t\t\t<div class=\"elementor-widget-wrap elementor-element-populated\">\n\t\t\t\t\t\t<div class=\"elementor-element elementor-element-d0530af elementor-widget elementor-widget-text-editor\" data-id=\"d0530af\" data-element_type=\"widget\" data-e-type=\"widget\" data-widget_type=\"text-editor.default\">\n\t\t\t\t<div class=\"elementor-widget-container\">\n\t\t\t\t\t<span id=d0530af><\/span>\t\t\t\t<h3>Unbedenklichkeitserkl\u00e4rung als Sekund\u00e4rverpackung von Lebensmitteln<\/h3>\t\t\t\t\t\t\t\t<\/div>\n\t\t\t\t<\/div>\n\t\t\t\t<div class=\"elementor-element elementor-element-d2fb124 elementor-widget elementor-widget-text-editor\" data-id=\"d2fb124\" data-element_type=\"widget\" data-e-type=\"widget\" data-widget_type=\"text-editor.default\">\n\t\t\t\t<div class=\"elementor-widget-container\">\n\t\t\t\t\t<span id=d2fb124><\/span>\t\t\t\t<p>In 2023 wurde erneut best\u00e4tigt, dass unsere zwei Produkte<\/p>\n<h4><strong>Karton und Vollpappe W<\/strong><\/h4>\n<p>als Sekund\u00e4rverpackungen f\u00fcr Lebensmittel eingesetzt werden d\u00fcrfen.<br>Dies bietet Ihnen von nun an die M\u00f6glichkeit, Ihre Lebensmittelverpackungen in direktem Kontakt mit unseren Graupappen zu verpacken.<br>Damit hat Ihr Produkt auf dem Weg zu Ihren Kunden optimalen Schutz und Sie werden den hohen Anspr\u00fcchen in diesem sensiblen Bereich vollumf\u00e4nglich gerecht.<br>In gewohnt g\u00fcnstiger, flexibler Weise k\u00f6nnen Sie nun von diesem Zusatz-Nutzen unserer Graupappen profitieren.<\/p>\t\t\t\t\t\t\t\t<\/div>\n\t\t\t\t<\/div>\n\t\t\t\t\t<\/div>\n\t\t<\/div>\n\t\t\t\t\t<\/div>\n\t\t<\/section>\n\t\t\t\t<\/div>\n\t\t","protected":false},"excerpt":{"rendered":"<p>Blauer Engel Der Blaue Engel ist das Umweltzeichen der Bundesregierung. Er ber\u00fccksichtigt wichtige Kriterien wie Energieverbrauch, Klimaauswirkungen, Abfallmanagement und den [&hellip;]<\/p>\n","protected":false},"author":1,"featured_media":434,"parent":12,"menu_order":60,"comment_status":"closed","ping_status":"closed","template":"","meta":{"_acf_changed":false,"footnotes":""},"class_list":["post-41","page","type-page","status-publish","has-post-thumbnail","hentry"],"acf":[],"_links":{"self":[{"href":"https:\/\/www.pappen.de\/de\/wp-json\/wp\/v2\/pages\/41","targetHints":{"allow":["GET"]}}],"collection":[{"href":"https:\/\/www.pappen.de\/de\/wp-json\/wp\/v2\/pages"}],"about":[{"href":"https:\/\/www.pappen.de\/de\/wp-json\/wp\/v2\/types\/page"}],"author":[{"embeddable":true,"href":"https:\/\/www.pappen.de\/de\/wp-json\/wp\/v2\/users\/1"}],"replies":[{"embeddable":true,"href":"https:\/\/www.pappen.de\/de\/wp-json\/wp\/v2\/comments?post=41"}],"version-history":[{"count":35,"href":"https:\/\/www.pappen.de\/de\/wp-json\/wp\/v2\/pages\/41\/revisions"}],"predecessor-version":[{"id":5422,"href":"https:\/\/www.pappen.de\/de\/wp-json\/wp\/v2\/pages\/41\/revisions\/5422"}],"up":[{"embeddable":true,"href":"https:\/\/www.pappen.de\/de\/wp-json\/wp\/v2\/pages\/12"}],"wp:featuredmedia":[{"embeddable":true,"href":"https:\/\/www.pappen.de\/de\/wp-json\/wp\/v2\/media\/434"}],"wp:attachment":[{"href":"https:\/\/www.pappen.de\/de\/wp-json\/wp\/v2\/media?parent=41"}],"curies":[{"name":"wp","href":"https:\/\/api.w.org\/{rel}","templated":true}]}}