{"id":43,"date":"2019-08-18T12:41:08","date_gmt":"2019-08-18T10:41:08","guid":{"rendered":"http:\/\/pappen.arbeitslink.de\/?page_id=43"},"modified":"2025-07-23T15:52:09","modified_gmt":"2025-07-23T13:52:09","slug":"fahrerinformationen","status":"publish","type":"page","link":"https:\/\/www.pappen.de\/de\/logistik\/fahrerinformationen\/","title":{"rendered":"Speditions&shy;informationen"},"content":{"rendered":"\t\t<div data-elementor-type=\"wp-page\" data-elementor-id=\"43\" class=\"elementor elementor-43\" data-elementor-post-type=\"page\">\n\t\t\t\t\t\t<section class=\"elementor-section elementor-top-section elementor-element elementor-element-4ccf1f4 make--section--regular elementor-section-boxed elementor-section-height-default elementor-section-height-default\" data-id=\"4ccf1f4\" data-element_type=\"section\" data-e-type=\"section\">\n\t\t\t\t\t\t<div class=\"elementor-container elementor-column-gap-default\">\n\t\t\t\t\t<div class=\"elementor-column elementor-col-100 elementor-top-column elementor-element elementor-element-e974d77\" data-id=\"e974d77\" data-element_type=\"column\" data-e-type=\"column\">\n\t\t\t<div class=\"elementor-widget-wrap elementor-element-populated\">\n\t\t\t\t\t\t<div class=\"elementor-element elementor-element-24ed006 elementor-widget elementor-widget-text-editor\" data-id=\"24ed006\" data-element_type=\"widget\" data-e-type=\"widget\" data-widget_type=\"text-editor.default\">\n\t\t\t\t<div class=\"elementor-widget-container\">\n\t\t\t\t\t<span id=24ed006><\/span>\t\t\t\t<p>Auf die Einhaltung der Sicherheits- und der Ladungssicherungsvorschriften legen wir gro\u00dfen Wert. Der sorgf\u00e4ltige Umgang mit unseren Produkten ist im Sinne unserer Kunden Voraussetzung f\u00fcr die Beladung. Die nachfolgenden Punkte sind unbedingt zu beachten.<\/p>\t\t\t\t\t\t\t\t<\/div>\n\t\t\t\t<\/div>\n\t\t\t\t<div class=\"elementor-element elementor-element-92dc295 elementor-widget elementor-widget-text-editor\" data-id=\"92dc295\" data-element_type=\"widget\" data-e-type=\"widget\" data-widget_type=\"text-editor.default\">\n\t\t\t\t<div class=\"elementor-widget-container\">\n\t\t\t\t\t<span id=92dc295><\/span>\t\t\t\t<p><strong>Ansprechpartner Logistik<\/strong><\/p>\t\t\t\t\t\t\t\t<\/div>\n\t\t\t\t<\/div>\n\t\t\t\t\t<\/div>\n\t\t<\/div>\n\t\t\t\t\t<\/div>\n\t\t<\/section>\n\t\t\t\t<section class=\"elementor-section elementor-top-section elementor-element elementor-element-19f8682 make--section--regular elementor-section-boxed elementor-section-height-default elementor-section-height-default\" data-id=\"19f8682\" data-element_type=\"section\" data-e-type=\"section\">\n\t\t\t\t\t\t<div class=\"elementor-container elementor-column-gap-default\">\n\t\t\t\t\t<div class=\"elementor-column elementor-col-50 elementor-top-column elementor-element elementor-element-d4234cc\" data-id=\"d4234cc\" data-element_type=\"column\" data-e-type=\"column\">\n\t\t\t<div class=\"elementor-widget-wrap elementor-element-populated\">\n\t\t\t\t\t\t<div class=\"elementor-element elementor-element-7ff22e9 elementor-icon-list--layout-traditional elementor-list-item-link-full_width elementor-widget elementor-widget-icon-list\" data-id=\"7ff22e9\" data-element_type=\"widget\" data-e-type=\"widget\" data-widget_type=\"icon-list.default\">\n\t\t\t\t<div class=\"elementor-widget-container\">\n\t\t\t\t\t<span id=7ff22e9><\/span>\t\t<ul class=\"elementor-icon-list-items\">\n\t\t\t\t\t\t\t<li class=\"elementor-icon-list-item\">\n\t\t\t\t\t\t\t\t\t\t\t<span class=\"elementor-icon-list-icon\">\n\t\t\t\t\t\t\t<i aria-hidden=\"true\" class=\"far fa-hand-point-right\"><\/i>\t\t\t\t\t\t<\/span>\n\t\t\t\t\t\t\t\t\t\t<span class=\"elementor-icon-list-text\">Herr Lukas Linckh<\/span>\n\t\t\t\t\t\t\t\t\t<\/li>\n\t\t\t\t\t\t\t\t<li class=\"elementor-icon-list-item\">\n\t\t\t\t\t\t\t\t\t\t\t<span class=\"elementor-icon-list-icon\">\n\t\t\t\t\t\t\t<i aria-hidden=\"true\" class=\"fas fa-phone-alt\"><\/i>\t\t\t\t\t\t<\/span>\n\t\t\t\t\t\t\t\t\t\t<span class=\"elementor-icon-list-text\">+49 (0)791\/9555-300<\/span>\n\t\t\t\t\t\t\t\t\t<\/li>\n\t\t\t\t\t\t\t\t<li class=\"elementor-icon-list-item\">\n\t\t\t\t\t\t\t\t\t\t\t<a href=\"mailto:linckh@pappen.de\">\n\n\t\t\t\t\t\t\t\t\t\t\t\t<span class=\"elementor-icon-list-icon\">\n\t\t\t\t\t\t\t<i aria-hidden=\"true\" class=\"fas fa-envelope\"><\/i>\t\t\t\t\t\t<\/span>\n\t\t\t\t\t\t\t\t\t\t<span class=\"elementor-icon-list-text\">linckh@pappen.de<\/span>\n\t\t\t\t\t\t\t\t\t\t\t<\/a>\n\t\t\t\t\t\t\t\t\t<\/li>\n\t\t\t\t\t\t<\/ul>\n\t\t\t\t\t\t<\/div>\n\t\t\t\t<\/div>\n\t\t\t\t\t<\/div>\n\t\t<\/div>\n\t\t\t\t<div class=\"elementor-column elementor-col-50 elementor-top-column elementor-element elementor-element-416af51\" data-id=\"416af51\" data-element_type=\"column\" data-e-type=\"column\">\n\t\t\t<div class=\"elementor-widget-wrap\">\n\t\t\t\t\t\t\t<\/div>\n\t\t<\/div>\n\t\t\t\t\t<\/div>\n\t\t<\/section>\n\t\t\t\t<section class=\"elementor-section elementor-top-section elementor-element elementor-element-a843ba0 make--section--regular elementor-section-boxed elementor-section-height-default elementor-section-height-default\" data-id=\"a843ba0\" data-element_type=\"section\" data-e-type=\"section\">\n\t\t\t\t\t\t<div class=\"elementor-container elementor-column-gap-default\">\n\t\t\t\t\t<div class=\"elementor-column elementor-col-100 elementor-top-column elementor-element elementor-element-8c482a0\" data-id=\"8c482a0\" data-element_type=\"column\" data-e-type=\"column\">\n\t\t\t<div class=\"elementor-widget-wrap elementor-element-populated\">\n\t\t\t\t\t\t<div class=\"elementor-element elementor-element-6aee6d2 elementor-widget-divider--view-line elementor-widget elementor-widget-divider\" data-id=\"6aee6d2\" data-element_type=\"widget\" data-e-type=\"widget\" data-widget_type=\"divider.default\">\n\t\t\t\t<div class=\"elementor-widget-container\">\n\t\t\t\t\t<span id=6aee6d2><\/span>\t\t<div class=\"elementor-divider\">\n\t\t\t<span class=\"elementor-divider-separator\">\n\t\t\t\t\t\t<\/span>\n\t\t<\/div>\n\t\t\t\t\t\t<\/div>\n\t\t\t\t<\/div>\n\t\t\t\t<div class=\"elementor-element elementor-element-74a26ca custom--h0 custom--mt--0 elementor-widget elementor-widget-heading\" data-id=\"74a26ca\" data-element_type=\"widget\" data-e-type=\"widget\" data-widget_type=\"heading.default\">\n\t\t\t\t<div class=\"elementor-widget-container\">\n\t\t\t\t\t<span id=74a26ca><\/span><h3 class=\"elementor-heading-title elementor-size-default\">Abholung von Pappen<\/h3>\t\t\t\t<\/div>\n\t\t\t\t<\/div>\n\t\t\t\t\t<\/div>\n\t\t<\/div>\n\t\t\t\t\t<\/div>\n\t\t<\/section>\n\t\t\t\t<section class=\"elementor-section elementor-top-section elementor-element elementor-element-ffdbb4e make--section--regular elementor-section-boxed elementor-section-height-default elementor-section-height-default\" data-id=\"ffdbb4e\" data-element_type=\"section\" data-e-type=\"section\">\n\t\t\t\t\t\t<div class=\"elementor-container elementor-column-gap-default\">\n\t\t\t\t\t<div class=\"elementor-column elementor-col-100 elementor-top-column elementor-element elementor-element-1217fcf\" data-id=\"1217fcf\" data-element_type=\"column\" data-e-type=\"column\">\n\t\t\t<div class=\"elementor-widget-wrap elementor-element-populated\">\n\t\t\t\t\t\t<div class=\"elementor-element elementor-element-3bdc5e6 ee-table--responsive ee-table-mobile-header--row elementor-widget elementor-widget-table\" data-id=\"3bdc5e6\" data-element_type=\"widget\" data-e-type=\"widget\" data-settings=\"{&quot;mobile_headers_auto&quot;:&quot;yes&quot;}\" data-widget_type=\"table.default\">\n\t\t\t\t<div class=\"elementor-widget-container\">\n\t\t\t\t\t<span id=3bdc5e6><\/span>\t\t\n\t\t<table class=\"ee-table ee-table--even ee-table--rules\">\n\n\t\t\t\t\t\t<colgroup>\n\t\t\t\t\t\t\t\t<col span=\"1\" class=\"elementor-repeater-item-9f3f465\">\n\t\t\t\t\t\t\t<\/colgroup>\n\t\t<thead>\n\t\t\t<tr class=\"ee-table__row\">\n\n\t\t\t<th class=\"ee-table__cell elementor-repeater-item-47d7b52\">\n\t\t\t\t\t<span class=\"ee-table__text\"><span class=\"ee-table__text__inner\">Werk Tullau<\/span>\n\n\t\t\t\t\t\t\n\t\t\t\t\t<\/span>\n\t\t\t\t<\/th>\n\n\t\t\t<th class=\"ee-table__cell elementor-repeater-item-b78a119\">\n\t\t\t\t\t<span class=\"ee-table__text\"><span class=\"ee-table__text__inner\">Werk Trauchgau<\/span>\n\n\t\t\t\t\t\t\n\t\t\t\t\t<\/span>\n\t\t\t\t<\/th>\n\n\t\t\t\t\t\t<\/tr>\n\t\t<\/thead><tbody><tr class=\"ee-table__row elementor-repeater-item-d5ea015\">\n\t\t<td class=\"ee-table__cell elementor-repeater-item-68b01ae\" data-title=\"Werk Tullau\">\n\t\t\t<span class=\"ee-table__text\"><span class=\"ee-table__text__inner\">Anmeldung beim Versand<\/span>\n\n\t\t\t<\/span>\n\t\t<\/td><td class=\"ee-table__cell elementor-repeater-item-99a13e4\" data-title=\"Werk Trauchgau\">\n\t\t\t<span class=\"ee-table__text\"><span class=\"ee-table__text__inner\">Anmeldung beim Versand<\/span>\n\n\t\t\t<\/span>\n\t\t<\/td><\/tr><tr class=\"ee-table__row elementor-repeater-item-930e391\">\n\n\t\t<td class=\"ee-table__cell elementor-repeater-item-f9e87fd\" data-title=\"Werk Tullau\">\n\t\t\t<span class=\"ee-table__text\"><span class=\"ee-icon ee-icon-support--svg ee-icon--left\"><i aria-hidden=\"true\" class=\"fas fa-phone-alt\"><\/i><\/span><span class=\"ee-table__text__inner\">+49 (0)791\/9555-183<\/span>\n\n\t\t\t<\/span>\n\t\t<\/td><td class=\"ee-table__cell elementor-repeater-item-88055bc\" data-title=\"Werk Trauchgau\">\n\t\t\t<span class=\"ee-table__text\"><span class=\"ee-icon ee-icon-support--svg ee-icon--left\"><i aria-hidden=\"true\" class=\"fas fa-phone-alt\"><\/i><\/span><span class=\"ee-table__text__inner\">+49 (0)8368\/9129-33<\/span>\n\n\t\t\t<\/span>\n\t\t<\/td><\/tr><tr class=\"ee-table__row elementor-repeater-item-a663c65\">\n\n\t\t<td class=\"ee-table__cell elementor-repeater-item-0dc6526\" data-title=\"Werk Tullau\">\n\t\t\t<span class=\"ee-table__text\"><span class=\"ee-icon ee-icon-support--svg ee-icon--left\"><i aria-hidden=\"true\" class=\"far fa-clock\"><\/i><\/span><span class=\"ee-table__text__inner\">Montag bis Freitag<br>von 7.00 bis 15.00 Uhr<\/span>\n\n\t\t\t<\/span>\n\t\t<\/td><td class=\"ee-table__cell elementor-repeater-item-e40f0e9\" data-title=\"Werk Trauchgau\">\n\t\t\t<span class=\"ee-table__text\"><span class=\"ee-icon ee-icon-support--svg ee-icon--left\"><i aria-hidden=\"true\" class=\"far fa-clock\"><\/i><\/span><span class=\"ee-table__text__inner\">Montag bis Freitag<br>von 7.00 bis 15.00 Uhr<\/span>\n\n\t\t\t<\/span>\n\t\t<\/td><\/tr>\n\t\t\t<\/tbody>\n\t\t<\/table>\n\n\t\t\t\t\t\t<\/div>\n\t\t\t\t<\/div>\n\t\t\t\t\t<\/div>\n\t\t<\/div>\n\t\t\t\t\t<\/div>\n\t\t<\/section>\n\t\t\t\t<section class=\"elementor-section elementor-top-section elementor-element elementor-element-2da1cff make--section--regular elementor-section-boxed elementor-section-height-default elementor-section-height-default\" data-id=\"2da1cff\" data-element_type=\"section\" data-e-type=\"section\">\n\t\t\t\t\t\t<div class=\"elementor-container elementor-column-gap-default\">\n\t\t\t\t\t<div class=\"elementor-column elementor-col-100 elementor-top-column elementor-element elementor-element-ca93cde\" data-id=\"ca93cde\" data-element_type=\"column\" data-e-type=\"column\">\n\t\t\t<div class=\"elementor-widget-wrap elementor-element-populated\">\n\t\t\t\t\t\t<div class=\"elementor-element elementor-element-7902133 elementor-widget-divider--view-line elementor-widget elementor-widget-divider\" data-id=\"7902133\" data-element_type=\"widget\" data-e-type=\"widget\" data-widget_type=\"divider.default\">\n\t\t\t\t<div class=\"elementor-widget-container\">\n\t\t\t\t\t<span id=7902133><\/span>\t\t<div class=\"elementor-divider\">\n\t\t\t<span class=\"elementor-divider-separator\">\n\t\t\t\t\t\t<\/span>\n\t\t<\/div>\n\t\t\t\t\t\t<\/div>\n\t\t\t\t<\/div>\n\t\t\t\t<div class=\"elementor-element elementor-element-3746bf0 custom--h0 custom--mt--0 elementor-widget elementor-widget-heading\" data-id=\"3746bf0\" data-element_type=\"widget\" data-e-type=\"widget\" data-widget_type=\"heading.default\">\n\t\t\t\t<div class=\"elementor-widget-container\">\n\t\t\t\t\t<span id=3746bf0><\/span><h3 class=\"elementor-heading-title elementor-size-default\">Anlieferung von Altpapier, Hilfsstoffen und Maschinenteilen<\/h3>\t\t\t\t<\/div>\n\t\t\t\t<\/div>\n\t\t\t\t\t<\/div>\n\t\t<\/div>\n\t\t\t\t\t<\/div>\n\t\t<\/section>\n\t\t\t\t<section class=\"elementor-section elementor-top-section elementor-element elementor-element-0a201a0 make--section--regular elementor-section-boxed elementor-section-height-default elementor-section-height-default\" data-id=\"0a201a0\" data-element_type=\"section\" data-e-type=\"section\">\n\t\t\t\t\t\t<div class=\"elementor-container elementor-column-gap-default\">\n\t\t\t\t\t<div class=\"elementor-column elementor-col-100 elementor-top-column elementor-element elementor-element-51d1551\" data-id=\"51d1551\" data-element_type=\"column\" data-e-type=\"column\">\n\t\t\t<div class=\"elementor-widget-wrap elementor-element-populated\">\n\t\t\t\t\t\t<div class=\"elementor-element elementor-element-fbc6ab4 ee-table--responsive ee-table-mobile-header--row elementor-widget elementor-widget-table\" data-id=\"fbc6ab4\" data-element_type=\"widget\" data-e-type=\"widget\" data-settings=\"{&quot;mobile_headers_auto&quot;:&quot;yes&quot;}\" data-widget_type=\"table.default\">\n\t\t\t\t<div class=\"elementor-widget-container\">\n\t\t\t\t\t<span id=fbc6ab4><\/span>\t\t\n\t\t<table class=\"ee-table ee-table--even ee-table--rules\">\n\n\t\t\t\t\t\t<colgroup>\n\t\t\t\t\t\t\t\t<col span=\"1\" class=\"elementor-repeater-item-468079e\">\n\t\t\t\t\t\t\t<\/colgroup>\n\t\t<thead>\n\t\t\t<tr class=\"ee-table__row\">\n\n\t\t\t<th class=\"ee-table__cell elementor-repeater-item-773083b\">\n\t\t\t\t\t<span class=\"ee-table__text\"><span class=\"ee-table__text__inner\"><\/span>\n\n\t\t\t\t\t\t\n\t\t\t\t\t<\/span>\n\t\t\t\t<\/th>\n\n\t\t\t<th class=\"ee-table__cell elementor-repeater-item-d38db8b\">\n\t\t\t\t\t<span class=\"ee-table__text\"><span class=\"ee-table__text__inner\">Werk Tullau<\/span>\n\n\t\t\t\t\t\t\n\t\t\t\t\t<\/span>\n\t\t\t\t<\/th>\n\n\t\t\t<th class=\"ee-table__cell elementor-repeater-item-3fb3bb3\">\n\t\t\t\t\t<span class=\"ee-table__text\"><span class=\"ee-table__text__inner\">Werk Trauchgau<\/span>\n\n\t\t\t\t\t\t\n\t\t\t\t\t<\/span>\n\t\t\t\t<\/th>\n\n\t\t\t\t\t\t<\/tr>\n\t\t<\/thead><tbody><tr class=\"ee-table__row elementor-repeater-item-a9aba08\">\n\t\t<th class=\"ee-table__cell elementor-repeater-item-1877c51\">\n\t\t\t<span class=\"ee-table__text\"><span class=\"ee-table__text__inner\">Altpapier<\/span>\n\n\t\t\t<\/span>\n\t\t<\/th><td class=\"ee-table__cell elementor-repeater-item-eb4ddab\" data-title=\"Werk Tullau\">\n\t\t\t<span class=\"ee-table__text\"><span class=\"ee-table__text__inner\">Anmeldung an der Waage<\/span>\n\n\t\t\t<\/span>\n\t\t<\/td><td class=\"ee-table__cell elementor-repeater-item-ba4b6c9\" data-title=\"Werk Trauchgau\">\n\t\t\t<span class=\"ee-table__text\"><span class=\"ee-table__text__inner\">Anmeldung bei der Verwaltung<\/span>\n\n\t\t\t<\/span>\n\t\t<\/td><\/tr><tr class=\"ee-table__row elementor-repeater-item-35bb7cc\">\n\n\t\t<th class=\"ee-table__cell elementor-repeater-item-a1dca9e\">\n\t\t\t<span class=\"ee-table__text\"><span class=\"ee-table__text__inner\">Hilfsstoffe und Maschinenteile<\/span>\n\n\t\t\t<\/span>\n\t\t<\/th><td class=\"ee-table__cell elementor-repeater-item-ddecdf9\" data-title=\"Werk Tullau\">\n\t\t\t<span class=\"ee-table__text\"><span class=\"ee-table__text__inner\">Anmeldung beim Versand<\/span>\n\n\t\t\t<\/span>\n\t\t<\/td><td class=\"ee-table__cell elementor-repeater-item-1b7a543\" data-title=\"Werk Trauchgau\">\n\t\t\t<span class=\"ee-table__text\"><span class=\"ee-table__text__inner\">Anmeldung bei der Verwaltung<\/span>\n\n\t\t\t<\/span>\n\t\t<\/td><\/tr><tr class=\"ee-table__row elementor-repeater-item-59e0101\">\n\n\t\t<td class=\"ee-table__cell elementor-repeater-item-f5201c1\">\n\t\t\t<span class=\"ee-table__text\"><span class=\"ee-table__text__inner\"><\/span>\n\n\t\t\t<\/span>\n\t\t<\/td><td class=\"ee-table__cell elementor-repeater-item-d80c46e\" data-title=\"Werk Tullau\">\n\t\t\t<span class=\"ee-table__text\"><span class=\"ee-icon ee-icon-support--svg ee-icon--left\"><i aria-hidden=\"true\" class=\"fas fa-phone-alt\"><\/i><\/span><span class=\"ee-table__text__inner\">+49 (0)791\/9555-183<\/span>\n\n\t\t\t<\/span>\n\t\t<\/td><td class=\"ee-table__cell elementor-repeater-item-be0300b\" data-title=\"Werk Trauchgau\">\n\t\t\t<span class=\"ee-table__text\"><span class=\"ee-icon ee-icon-support--svg ee-icon--left\"><i aria-hidden=\"true\" class=\"fas fa-phone-alt\"><\/i><\/span><span class=\"ee-table__text__inner\">+49 (0)8368\/9129-0<\/span>\n\n\t\t\t<\/span>\n\t\t<\/td><\/tr><tr class=\"ee-table__row elementor-repeater-item-f7d9003\">\n\n\t\t<td class=\"ee-table__cell elementor-repeater-item-94d8c1b\">\n\t\t\t<span class=\"ee-table__text\"><span class=\"ee-table__text__inner\"><\/span>\n\n\t\t\t<\/span>\n\t\t<\/td><td class=\"ee-table__cell elementor-repeater-item-faebc93\" data-title=\"Werk Tullau\">\n\t\t\t<span class=\"ee-table__text\"><span class=\"ee-icon ee-icon-support--svg ee-icon--left\"><i aria-hidden=\"true\" class=\"far fa-clock\"><\/i><\/span><span class=\"ee-table__text__inner\">Montag bis Freitag<br> von  7.00 bis 16.00 Uhr<\/span>\n\n\t\t\t<\/span>\n\t\t<\/td><td class=\"ee-table__cell elementor-repeater-item-8ac631c\" data-title=\"Werk Trauchgau\">\n\t\t\t<span class=\"ee-table__text\"><span class=\"ee-icon ee-icon-support--svg ee-icon--left\"><i aria-hidden=\"true\" class=\"far fa-clock\"><\/i><\/span><span class=\"ee-table__text__inner\">Montag bis Freitag<br> von  7.00 bis 16.00 Uhr<\/span>\n\n\t\t\t<\/span>\n\t\t<\/td><\/tr>\n\t\t\t<\/tbody>\n\t\t<\/table>\n\n\t\t\t\t\t\t<\/div>\n\t\t\t\t<\/div>\n\t\t\t\t\t<\/div>\n\t\t<\/div>\n\t\t\t\t\t<\/div>\n\t\t<\/section>\n\t\t\t\t<\/div>\n\t\t","protected":false},"excerpt":{"rendered":"<p>Auf die Einhaltung der Sicherheits- und der Ladungssicherungsvorschriften legen wir gro\u00dfen Wert. Der sorgf\u00e4ltige Umgang mit unseren Produkten ist im [&hellip;]<\/p>\n","protected":false},"author":1,"featured_media":447,"parent":22,"menu_order":10,"comment_status":"closed","ping_status":"closed","template":"","meta":{"_acf_changed":false,"footnotes":""},"class_list":["post-43","page","type-page","status-publish","has-post-thumbnail","hentry"],"acf":[],"_links":{"self":[{"href":"https:\/\/www.pappen.de\/de\/wp-json\/wp\/v2\/pages\/43","targetHints":{"allow":["GET"]}}],"collection":[{"href":"https:\/\/www.pappen.de\/de\/wp-json\/wp\/v2\/pages"}],"about":[{"href":"https:\/\/www.pappen.de\/de\/wp-json\/wp\/v2\/types\/page"}],"author":[{"embeddable":true,"href":"https:\/\/www.pappen.de\/de\/wp-json\/wp\/v2\/users\/1"}],"replies":[{"embeddable":true,"href":"https:\/\/www.pappen.de\/de\/wp-json\/wp\/v2\/comments?post=43"}],"version-history":[{"count":35,"href":"https:\/\/www.pappen.de\/de\/wp-json\/wp\/v2\/pages\/43\/revisions"}],"predecessor-version":[{"id":5433,"href":"https:\/\/www.pappen.de\/de\/wp-json\/wp\/v2\/pages\/43\/revisions\/5433"}],"up":[{"embeddable":true,"href":"https:\/\/www.pappen.de\/de\/wp-json\/wp\/v2\/pages\/22"}],"wp:featuredmedia":[{"embeddable":true,"href":"https:\/\/www.pappen.de\/de\/wp-json\/wp\/v2\/media\/447"}],"wp:attachment":[{"href":"https:\/\/www.pappen.de\/de\/wp-json\/wp\/v2\/media?parent=43"}],"curies":[{"name":"wp","href":"https:\/\/api.w.org\/{rel}","templated":true}]}}