{"id":45,"date":"2019-08-18T12:41:18","date_gmt":"2019-08-18T10:41:18","guid":{"rendered":"http:\/\/pappen.arbeitslink.de\/?page_id=45"},"modified":"2025-07-23T15:52:42","modified_gmt":"2025-07-23T13:52:42","slug":"speditionsinformationen","status":"publish","type":"page","link":"https:\/\/www.pappen.de\/de\/logistik\/speditionsinformationen\/","title":{"rendered":"Fahrer&shy;informationen"},"content":{"rendered":"\t\t<div data-elementor-type=\"wp-page\" data-elementor-id=\"45\" class=\"elementor elementor-45\" data-elementor-post-type=\"page\">\n\t\t\t\t\t\t<section class=\"elementor-section elementor-top-section elementor-element elementor-element-4af67fc make--section--regular elementor-section-boxed elementor-section-height-default elementor-section-height-default\" data-id=\"4af67fc\" data-element_type=\"section\" data-e-type=\"section\">\n\t\t\t\t\t\t<div class=\"elementor-container elementor-column-gap-default\">\n\t\t\t\t\t<div class=\"elementor-column elementor-col-50 elementor-top-column elementor-element elementor-element-17e7410\" data-id=\"17e7410\" data-element_type=\"column\" data-e-type=\"column\">\n\t\t\t<div class=\"elementor-widget-wrap elementor-element-populated\">\n\t\t\t\t\t\t<div class=\"elementor-element elementor-element-fb56601 custom--h0 custom--mt--0 elementor-widget elementor-widget-heading\" data-id=\"fb56601\" data-element_type=\"widget\" data-e-type=\"widget\" data-widget_type=\"heading.default\">\n\t\t\t\t<div class=\"elementor-widget-container\">\n\t\t\t\t\t<span id=fb56601><\/span><h3 class=\"elementor-heading-title elementor-size-default\">Werk Tullau<\/h3>\t\t\t\t<\/div>\n\t\t\t\t<\/div>\n\t\t\t\t<div class=\"elementor-element elementor-element-b4dd228 elementor-widget elementor-widget-text-editor\" data-id=\"b4dd228\" data-element_type=\"widget\" data-e-type=\"widget\" data-widget_type=\"text-editor.default\">\n\t\t\t\t<div class=\"elementor-widget-container\">\n\t\t\t\t\t<span id=b4dd228><\/span>\t\t\t\t<ul><li>Anfahrtsskizze siehe unten<\/li><li>Anmeldung beim Versand<br \/>Die Ladefl\u00e4che muss sauber, unbesch\u00e4digt und trocken sein. Die Plane wird von unseren Versandmitarbeitern auf Dichtheit gepr\u00fcft. Bei Nichtbeachtung kann der LKW abgewiesen werden.<\/li><li>Ladungssicherung<br \/>Folgende Ladungssicherungsmittel muss der LKW-Fahrer mitf\u00fchren:<br \/>&#8211; Zurrgurte mit Langhebelratschen<br \/>&#8211; Antirutschmatten<br \/>&#8211; Kantenschoner<\/li><li>Sicherheitshinweise<br \/>Ihre Sicherheit und Gesundheit liegt uns am Herzen. Die nachfolgenden Sicherheitshinweise sind w\u00e4hrend des Aufenthalts auf dem gesamten Betriebsgel\u00e4nde zu beachten:<br \/>&#8211; Sicherheitsweste tragen<br \/>&#8211; Sicherheitsschuhe tragen<br \/>&#8211; Rauchverbot<br \/>&#8211; Essen nicht gestattet<\/li><\/ul>\t\t\t\t\t\t\t\t<\/div>\n\t\t\t\t<\/div>\n\t\t\t\t\t<\/div>\n\t\t<\/div>\n\t\t\t\t<div class=\"elementor-column elementor-col-50 elementor-top-column elementor-element elementor-element-becaaba\" data-id=\"becaaba\" data-element_type=\"column\" data-e-type=\"column\">\n\t\t\t<div class=\"elementor-widget-wrap elementor-element-populated\">\n\t\t\t\t\t\t<div class=\"elementor-element elementor-element-0a92897 custom--h0 custom--mt--0 elementor-widget elementor-widget-heading\" data-id=\"0a92897\" data-element_type=\"widget\" data-e-type=\"widget\" data-widget_type=\"heading.default\">\n\t\t\t\t<div class=\"elementor-widget-container\">\n\t\t\t\t\t<span id=0a92897><\/span><h3 class=\"elementor-heading-title elementor-size-default\">Werk Trauchgau<\/h3>\t\t\t\t<\/div>\n\t\t\t\t<\/div>\n\t\t\t\t<div class=\"elementor-element elementor-element-3f76582 elementor-widget elementor-widget-text-editor\" data-id=\"3f76582\" data-element_type=\"widget\" data-e-type=\"widget\" data-widget_type=\"text-editor.default\">\n\t\t\t\t<div class=\"elementor-widget-container\">\n\t\t\t\t\t<span id=3f76582><\/span>\t\t\t\t<ul><li>Anfahrtsskizze siehe unten<\/li><li>Anmeldung beim Versand<br \/>Die Ladefl\u00e4che muss sauber, unbesch\u00e4digt und trocken sein. Die Plane wird von unseren Versandmitarbeitern auf Dichtheit gepr\u00fcft. Bei Nichtbeachtung kann der LKW abgewiesen werden.<\/li><li>Ladungssicherung<br \/>Folgende Ladungssicherungsmittel muss der LKW-Fahrer mitf\u00fchren:<br \/>&#8211; Zurrgurte mit Langhebelratschen<br \/>&#8211; Antirutschmatten<br \/>&#8211; Kantenschoner<\/li><li>Sicherheitshinweise<br \/>Ihre Sicherheit und Gesundheit liegt uns am Herzen. Die nachfolgenden Sicherheitshinweise sind w\u00e4hrend des Aufenthalts auf dem gesamten Betriebsgel\u00e4nde zu beachten.<br \/>&#8211; Sicherheitsweste tragen<br \/>&#8211; Sicherheitsschuhe tragen<br \/>&#8211; Rauchverbot<br \/>&#8211; Essen nicht gestattet<\/li><\/ul>\t\t\t\t\t\t\t\t<\/div>\n\t\t\t\t<\/div>\n\t\t\t\t\t<\/div>\n\t\t<\/div>\n\t\t\t\t\t<\/div>\n\t\t<\/section>\n\t\t\t\t<section class=\"elementor-section elementor-top-section elementor-element elementor-element-03573c1 make--section--regular elementor-section-boxed elementor-section-height-default elementor-section-height-default\" data-id=\"03573c1\" data-element_type=\"section\" data-e-type=\"section\">\n\t\t\t\t\t\t<div class=\"elementor-container elementor-column-gap-default\">\n\t\t\t\t\t<div class=\"elementor-column elementor-col-50 elementor-top-column elementor-element elementor-element-355481f\" data-id=\"355481f\" data-element_type=\"column\" data-e-type=\"column\">\n\t\t\t<div class=\"elementor-widget-wrap elementor-element-populated\">\n\t\t\t\t\t\t<div class=\"elementor-element elementor-element-1cdda78 custom--h0 custom--mt--0 elementor-widget elementor-widget-heading\" data-id=\"1cdda78\" data-element_type=\"widget\" data-e-type=\"widget\" data-widget_type=\"heading.default\">\n\t\t\t\t<div class=\"elementor-widget-container\">\n\t\t\t\t\t<span id=1cdda78><\/span><h3 class=\"elementor-heading-title elementor-size-default\">Anfahrt Waage &amp; Versand<\/h3>\t\t\t\t<\/div>\n\t\t\t\t<\/div>\n\t\t\t\t<div class=\"elementor-element elementor-element-f2b6f36 elementor-widget elementor-widget-image\" data-id=\"f2b6f36\" data-element_type=\"widget\" data-e-type=\"widget\" data-widget_type=\"image.default\">\n\t\t\t\t<div class=\"elementor-widget-container\">\n\t\t\t\t\t<span id=f2b6f36><\/span>\t\t\t\t\t\t\t\t\t\t\t<a href=\"https:\/\/www.pappen.de\/wp-content\/uploads\/2020\/07\/Tullau1.jpg\" data-elementor-open-lightbox=\"yes\" data-elementor-lightbox-title=\"Tullau1\" data-e-action-hash=\"#elementor-action%3Aaction%3Dlightbox%26settings%3DeyJpZCI6MTEyOCwidXJsIjoiaHR0cHM6XC9cL3d3dy5wYXBwZW4uZGVcL3dwLWNvbnRlbnRcL3VwbG9hZHNcLzIwMjBcLzA3XC9UdWxsYXUxLmpwZyJ9\">\n\t\t\t\t\t\t\t<img fetchpriority=\"high\" decoding=\"async\" width=\"800\" height=\"1000\" src=\"https:\/\/www.pappen.de\/wp-content\/uploads\/2020\/07\/Tullau1-819x1024.jpg\" class=\"attachment-large size-large wp-image-1128\" alt=\"\" srcset=\"https:\/\/www.pappen.de\/wp-content\/uploads\/2020\/07\/Tullau1-819x1024.jpg 819w, https:\/\/www.pappen.de\/wp-content\/uploads\/2020\/07\/Tullau1-240x300.jpg 240w, https:\/\/www.pappen.de\/wp-content\/uploads\/2020\/07\/Tullau1-768x960.jpg 768w, https:\/\/www.pappen.de\/wp-content\/uploads\/2020\/07\/Tullau1.jpg 1000w\" sizes=\"(max-width: 800px) 100vw, 800px\" \/>\t\t\t\t\t\t\t\t<\/a>\n\t\t\t\t\t\t\t\t\t\t\t\t\t\t\t<\/div>\n\t\t\t\t<\/div>\n\t\t\t\t<div class=\"elementor-element elementor-element-d934072 elementor-widget elementor-widget-image\" data-id=\"d934072\" data-element_type=\"widget\" data-e-type=\"widget\" data-widget_type=\"image.default\">\n\t\t\t\t<div class=\"elementor-widget-container\">\n\t\t\t\t\t<span id=d934072><\/span>\t\t\t\t\t\t\t\t\t\t\t<a href=\"https:\/\/www.pappen.de\/wp-content\/uploads\/2020\/07\/Tullau2.png\" data-elementor-open-lightbox=\"yes\" data-elementor-lightbox-title=\"Tullau2\" data-e-action-hash=\"#elementor-action%3Aaction%3Dlightbox%26settings%3DeyJpZCI6MTEzMCwidXJsIjoiaHR0cHM6XC9cL3d3dy5wYXBwZW4uZGVcL3dwLWNvbnRlbnRcL3VwbG9hZHNcLzIwMjBcLzA3XC9UdWxsYXUyLnBuZyJ9\">\n\t\t\t\t\t\t\t<img decoding=\"async\" width=\"800\" height=\"1000\" src=\"https:\/\/www.pappen.de\/wp-content\/uploads\/2020\/07\/Tullau2-819x1024.png\" class=\"attachment-large size-large wp-image-1130\" alt=\"\" srcset=\"https:\/\/www.pappen.de\/wp-content\/uploads\/2020\/07\/Tullau2-819x1024.png 819w, https:\/\/www.pappen.de\/wp-content\/uploads\/2020\/07\/Tullau2-240x300.png 240w, https:\/\/www.pappen.de\/wp-content\/uploads\/2020\/07\/Tullau2-768x960.png 768w, https:\/\/www.pappen.de\/wp-content\/uploads\/2020\/07\/Tullau2.png 1000w\" sizes=\"(max-width: 800px) 100vw, 800px\" \/>\t\t\t\t\t\t\t\t<\/a>\n\t\t\t\t\t\t\t\t\t\t\t\t\t\t\t<\/div>\n\t\t\t\t<\/div>\n\t\t\t\t\t<\/div>\n\t\t<\/div>\n\t\t\t\t<div class=\"elementor-column elementor-col-50 elementor-top-column elementor-element elementor-element-e8aab3b\" data-id=\"e8aab3b\" data-element_type=\"column\" data-e-type=\"column\">\n\t\t\t<div class=\"elementor-widget-wrap elementor-element-populated\">\n\t\t\t\t\t\t<div class=\"elementor-element elementor-element-b7bf4af custom--h0 custom--mt--0 elementor-widget elementor-widget-heading\" data-id=\"b7bf4af\" data-element_type=\"widget\" data-e-type=\"widget\" data-widget_type=\"heading.default\">\n\t\t\t\t<div class=\"elementor-widget-container\">\n\t\t\t\t\t<span id=b7bf4af><\/span><h3 class=\"elementor-heading-title elementor-size-default\">Anfahrt Versand<\/h3>\t\t\t\t<\/div>\n\t\t\t\t<\/div>\n\t\t\t\t<div class=\"elementor-element elementor-element-d2a15a9 elementor-widget elementor-widget-image\" data-id=\"d2a15a9\" data-element_type=\"widget\" data-e-type=\"widget\" data-widget_type=\"image.default\">\n\t\t\t\t<div class=\"elementor-widget-container\">\n\t\t\t\t\t<span id=d2a15a9><\/span>\t\t\t\t\t\t\t\t\t\t\t<a href=\"https:\/\/www.pappen.de\/wp-content\/uploads\/2020\/07\/Trauchgau1.jpg\" data-elementor-open-lightbox=\"yes\" data-elementor-lightbox-title=\"Trauchgau1\" data-e-action-hash=\"#elementor-action%3Aaction%3Dlightbox%26settings%3DeyJpZCI6MTEyNCwidXJsIjoiaHR0cHM6XC9cL3d3dy5wYXBwZW4uZGVcL3dwLWNvbnRlbnRcL3VwbG9hZHNcLzIwMjBcLzA3XC9UcmF1Y2hnYXUxLmpwZyJ9\">\n\t\t\t\t\t\t\t<img decoding=\"async\" width=\"800\" height=\"1000\" src=\"https:\/\/www.pappen.de\/wp-content\/uploads\/2020\/07\/Trauchgau1-819x1024.jpg\" class=\"attachment-large size-large wp-image-1124\" alt=\"\" srcset=\"https:\/\/www.pappen.de\/wp-content\/uploads\/2020\/07\/Trauchgau1-819x1024.jpg 819w, https:\/\/www.pappen.de\/wp-content\/uploads\/2020\/07\/Trauchgau1-240x300.jpg 240w, https:\/\/www.pappen.de\/wp-content\/uploads\/2020\/07\/Trauchgau1-768x960.jpg 768w, https:\/\/www.pappen.de\/wp-content\/uploads\/2020\/07\/Trauchgau1.jpg 1000w\" sizes=\"(max-width: 800px) 100vw, 800px\" \/>\t\t\t\t\t\t\t\t<\/a>\n\t\t\t\t\t\t\t\t\t\t\t\t\t\t\t<\/div>\n\t\t\t\t<\/div>\n\t\t\t\t<div class=\"elementor-element elementor-element-5acaa10 elementor-widget elementor-widget-image\" data-id=\"5acaa10\" data-element_type=\"widget\" data-e-type=\"widget\" data-widget_type=\"image.default\">\n\t\t\t\t<div class=\"elementor-widget-container\">\n\t\t\t\t\t<span id=5acaa10><\/span>\t\t\t\t\t\t\t\t\t\t\t<a href=\"https:\/\/www.pappen.de\/wp-content\/uploads\/2020\/07\/Trauchgau2.png\" data-elementor-open-lightbox=\"yes\" data-elementor-lightbox-title=\"Trauchgau2\" data-e-action-hash=\"#elementor-action%3Aaction%3Dlightbox%26settings%3DeyJpZCI6MTEyNiwidXJsIjoiaHR0cHM6XC9cL3d3dy5wYXBwZW4uZGVcL3dwLWNvbnRlbnRcL3VwbG9hZHNcLzIwMjBcLzA3XC9UcmF1Y2hnYXUyLnBuZyJ9\">\n\t\t\t\t\t\t\t<img loading=\"lazy\" decoding=\"async\" width=\"800\" height=\"1000\" src=\"https:\/\/www.pappen.de\/wp-content\/uploads\/2020\/07\/Trauchgau2-819x1024.png\" class=\"attachment-large size-large wp-image-1126\" alt=\"\" srcset=\"https:\/\/www.pappen.de\/wp-content\/uploads\/2020\/07\/Trauchgau2-819x1024.png 819w, https:\/\/www.pappen.de\/wp-content\/uploads\/2020\/07\/Trauchgau2-240x300.png 240w, https:\/\/www.pappen.de\/wp-content\/uploads\/2020\/07\/Trauchgau2-768x960.png 768w, https:\/\/www.pappen.de\/wp-content\/uploads\/2020\/07\/Trauchgau2.png 1000w\" sizes=\"(max-width: 800px) 100vw, 800px\" \/>\t\t\t\t\t\t\t\t<\/a>\n\t\t\t\t\t\t\t\t\t\t\t\t\t\t\t<\/div>\n\t\t\t\t<\/div>\n\t\t\t\t\t<\/div>\n\t\t<\/div>\n\t\t\t\t\t<\/div>\n\t\t<\/section>\n\t\t\t\t<\/div>\n\t\t","protected":false},"excerpt":{"rendered":"<p>Werk Tullau Anfahrtsskizze siehe unten Anmeldung beim Versand Die Ladefl\u00e4che muss sauber, unbesch\u00e4digt und trocken sein. Die Plane wird von [&hellip;]<\/p>\n","protected":false},"author":1,"featured_media":447,"parent":22,"menu_order":20,"comment_status":"closed","ping_status":"closed","template":"","meta":{"_acf_changed":false,"footnotes":""},"class_list":["post-45","page","type-page","status-publish","has-post-thumbnail","hentry"],"acf":[],"_links":{"self":[{"href":"https:\/\/www.pappen.de\/de\/wp-json\/wp\/v2\/pages\/45","targetHints":{"allow":["GET"]}}],"collection":[{"href":"https:\/\/www.pappen.de\/de\/wp-json\/wp\/v2\/pages"}],"about":[{"href":"https:\/\/www.pappen.de\/de\/wp-json\/wp\/v2\/types\/page"}],"author":[{"embeddable":true,"href":"https:\/\/www.pappen.de\/de\/wp-json\/wp\/v2\/users\/1"}],"replies":[{"embeddable":true,"href":"https:\/\/www.pappen.de\/de\/wp-json\/wp\/v2\/comments?post=45"}],"version-history":[{"count":8,"href":"https:\/\/www.pappen.de\/de\/wp-json\/wp\/v2\/pages\/45\/revisions"}],"predecessor-version":[{"id":5434,"href":"https:\/\/www.pappen.de\/de\/wp-json\/wp\/v2\/pages\/45\/revisions\/5434"}],"up":[{"embeddable":true,"href":"https:\/\/www.pappen.de\/de\/wp-json\/wp\/v2\/pages\/22"}],"wp:featuredmedia":[{"embeddable":true,"href":"https:\/\/www.pappen.de\/de\/wp-json\/wp\/v2\/media\/447"}],"wp:attachment":[{"href":"https:\/\/www.pappen.de\/de\/wp-json\/wp\/v2\/media?parent=45"}],"curies":[{"name":"wp","href":"https:\/\/api.w.org\/{rel}","templated":true}]}}