{"id":72,"date":"2019-08-18T13:06:07","date_gmt":"2019-08-18T11:06:07","guid":{"rendered":"http:\/\/pappen.arbeitslink.de\/?page_id=72"},"modified":"2020-08-06T12:56:57","modified_gmt":"2020-08-06T10:56:57","slug":"anfahrt","status":"publish","type":"page","link":"https:\/\/www.pappen.de\/de\/kontakt\/anfahrt\/","title":{"rendered":"Anfahrt"},"content":{"rendered":"\t\t<div data-elementor-type=\"wp-page\" data-elementor-id=\"72\" class=\"elementor elementor-72\" data-elementor-post-type=\"page\">\n\t\t\t\t\t\t<section class=\"elementor-section elementor-top-section elementor-element elementor-element-47e8ff1 make--section--regular elementor-section-boxed elementor-section-height-default elementor-section-height-default\" data-id=\"47e8ff1\" data-element_type=\"section\" data-e-type=\"section\">\n\t\t\t\t\t\t<div class=\"elementor-container elementor-column-gap-default\">\n\t\t\t\t\t<div class=\"elementor-column elementor-col-100 elementor-top-column elementor-element elementor-element-167bdc7\" data-id=\"167bdc7\" data-element_type=\"column\" data-e-type=\"column\">\n\t\t\t<div class=\"elementor-widget-wrap\">\n\t\t\t\t\t\t\t<\/div>\n\t\t<\/div>\n\t\t\t\t\t<\/div>\n\t\t<\/section>\n\t\t\t\t<section class=\"elementor-section elementor-top-section elementor-element elementor-element-277f2ff make--section--regular elementor-section-boxed elementor-section-height-default elementor-section-height-default\" data-id=\"277f2ff\" data-element_type=\"section\" data-e-type=\"section\">\n\t\t\t\t\t\t<div class=\"elementor-container elementor-column-gap-default\">\n\t\t\t\t\t<div class=\"elementor-column elementor-col-100 elementor-top-column elementor-element elementor-element-1c52169\" data-id=\"1c52169\" data-element_type=\"column\" data-e-type=\"column\">\n\t\t\t<div class=\"elementor-widget-wrap elementor-element-populated\">\n\t\t\t\t\t\t<div class=\"elementor-element elementor-element-992bb68 elementor-widget elementor-widget-text-editor\" data-id=\"992bb68\" data-element_type=\"widget\" data-e-type=\"widget\" data-widget_type=\"text-editor.default\">\n\t\t\t\t<div class=\"elementor-widget-container\">\n\t\t\t\t\t<span id=992bb68><\/span>\t\t\t\t<p>Gerne sind wir Ihnen bei der Anreise mit den \u00f6ffentlichen Verkehrsmitteln behilflich. <br \/>Egal, ob Bus, Bahn oder dem PKW&#8230;.wir freuen uns auf Sie.\u00a0<\/p>\t\t\t\t\t\t\t\t<\/div>\n\t\t\t\t<\/div>\n\t\t\t\t\t<\/div>\n\t\t<\/div>\n\t\t\t\t\t<\/div>\n\t\t<\/section>\n\t\t\t\t<section class=\"elementor-section elementor-top-section elementor-element elementor-element-df4242b make--section--regular elementor-section-boxed elementor-section-height-default elementor-section-height-default\" data-id=\"df4242b\" data-element_type=\"section\" data-e-type=\"section\">\n\t\t\t\t\t\t<div class=\"elementor-container elementor-column-gap-wider\">\n\t\t\t\t\t<div class=\"elementor-column elementor-col-50 elementor-top-column elementor-element elementor-element-6a35370\" data-id=\"6a35370\" data-element_type=\"column\" data-e-type=\"column\">\n\t\t\t<div class=\"elementor-widget-wrap elementor-element-populated\">\n\t\t\t\t\t\t<div class=\"elementor-element elementor-element-81c1dd0 custom--mt--small custom--h0 elementor-widget elementor-widget-heading\" data-id=\"81c1dd0\" data-element_type=\"widget\" data-e-type=\"widget\" data-widget_type=\"heading.default\">\n\t\t\t\t<div class=\"elementor-widget-container\">\n\t\t\t\t\t<span id=81c1dd0><\/span><h3 class=\"elementor-heading-title elementor-size-default\">WERK TULLAU<\/h3>\t\t\t\t<\/div>\n\t\t\t\t<\/div>\n\t\t\t\t<div class=\"elementor-element elementor-element-1d02f0e custom--mb--0 elementor-widget elementor-widget-text-editor\" data-id=\"1d02f0e\" data-element_type=\"widget\" data-e-type=\"widget\" data-widget_type=\"text-editor.default\">\n\t\t\t\t<div class=\"elementor-widget-container\">\n\t\t\t\t\t<span id=1d02f0e><\/span>\t\t\t\t<p>Tullau Pappen<sup>\u00ae<br \/><\/sup>Karl Kurz GmbH &amp; Co. KG<br \/>Kocherweg 10<br \/>D-74538 Rosengarten-Tullau<\/p>\t\t\t\t\t\t\t\t<\/div>\n\t\t\t\t<\/div>\n\t\t\t\t<div class=\"elementor-element elementor-element-b752eca elementor-icon-list--layout-traditional elementor-list-item-link-full_width elementor-widget elementor-widget-icon-list\" data-id=\"b752eca\" data-element_type=\"widget\" data-e-type=\"widget\" data-widget_type=\"icon-list.default\">\n\t\t\t\t<div class=\"elementor-widget-container\">\n\t\t\t\t\t<span id=b752eca><\/span>\t\t<ul class=\"elementor-icon-list-items\">\n\t\t\t\t\t\t\t<li class=\"elementor-icon-list-item\">\n\t\t\t\t\t\t\t\t\t\t\t<a href=\"tel:079195550\">\n\n\t\t\t\t\t\t\t\t\t\t\t\t<span class=\"elementor-icon-list-icon\">\n\t\t\t\t\t\t\t<i aria-hidden=\"true\" class=\"fas fa-phone-alt\"><\/i>\t\t\t\t\t\t<\/span>\n\t\t\t\t\t\t\t\t\t\t<span class=\"elementor-icon-list-text\">+49 (0)791 9555 0<\/span>\n\t\t\t\t\t\t\t\t\t\t\t<\/a>\n\t\t\t\t\t\t\t\t\t<\/li>\n\t\t\t\t\t\t\t\t<li class=\"elementor-icon-list-item\">\n\t\t\t\t\t\t\t\t\t\t\t<span class=\"elementor-icon-list-icon\">\n\t\t\t\t\t\t\t<i aria-hidden=\"true\" class=\"fas fa-fax\"><\/i>\t\t\t\t\t\t<\/span>\n\t\t\t\t\t\t\t\t\t\t<span class=\"elementor-icon-list-text\">+49 (0)791 9555 490<\/span>\n\t\t\t\t\t\t\t\t\t<\/li>\n\t\t\t\t\t\t\t\t<li class=\"elementor-icon-list-item\">\n\t\t\t\t\t\t\t\t\t\t\t<a href=\"mailto:info@pappen.de\">\n\n\t\t\t\t\t\t\t\t\t\t\t\t<span class=\"elementor-icon-list-icon\">\n\t\t\t\t\t\t\t<i aria-hidden=\"true\" class=\"fab fa-telegram-plane\"><\/i>\t\t\t\t\t\t<\/span>\n\t\t\t\t\t\t\t\t\t\t<span class=\"elementor-icon-list-text\">info@pappen.de<\/span>\n\t\t\t\t\t\t\t\t\t\t\t<\/a>\n\t\t\t\t\t\t\t\t\t<\/li>\n\t\t\t\t\t\t<\/ul>\n\t\t\t\t\t\t<\/div>\n\t\t\t\t<\/div>\n\t\t\t\t<div class=\"elementor-element elementor-element-5526aba elementor-widget elementor-widget-google_maps\" data-id=\"5526aba\" data-element_type=\"widget\" data-e-type=\"widget\" data-widget_type=\"google_maps.default\">\n\t\t\t\t<div class=\"elementor-widget-container\">\n\t\t\t\t\t<div style=\"max-height: 200px; overflow: hidden;\"><img fetchpriority=\"high\" width=\"1000\" height=\"922\" src=\"https:\/\/www.pappen.de\/wp-content\/uploads\/2019\/10\/map-plchldr.gif\" class=\"attachment-1920x9999 size-1920x9999\" alt=\"\" decoding=\"async\" \/><button class=\"maps_placeholder_btn\"><i class=\"fa fa-map-signs\"><\/i><\/button><\/div><div class=\"maps_hover_text\"><span class=\"hover_close\"><i class=\"fa fa-times-circle\"><\/i><\/span>Zeige Google Map?<br \/>\r\n<br \/>\r\nWenn Sie die eingebettete Google Map an dieser Stelle sehen wollen, werden personenbezogene Daten (IP-Adresse) zu Google gesendet. Daher ist es m\u00f6glich, dass Ihr Zugriff auf die Website von Google getrackt werden kann.<br \/>\r\n<br \/>\r\nWenn Sie den Link hier unten anklicken, wird ein Cookie auf Ihrem Computer gesetzt, um dieser Website zu erlauben, Google Maps in Ihrem Browser anzuzeigen. Das Cookie speichert keine personenbezogenen Daten, es merkt sich lediglich, dass Sie der Anzeige der Map zugestimmt haben.<br \/><br \/>Erfahre mehr \u00fcber diesen Aspekt der Datenschutzeinstellungen auf dieser Seite: <a href=\"https:\/\/www.pappen.de\/datenschutzerklaerung\">Datenschutzerkl\u00e4rung<\/a><br \/><br \/><a href=\"https:\/\/www.pappen.de\/de\/kontakt\/anfahrt\/?_wpnonce=270f3efbbc&setcookie_allow_maps=true&id=72&scrollto=5526aba\">Maps-Anzeigen<\/a><br \/><br \/>Als Alternative, kannst du diesen Link benutzen, um direkt zu Google Maps zu gelangen: <a href=\"https:\/\/www.google.com\/maps\/place\/Kocherweg+10%2C+74538+Rosengarten\">Kocherweg 10, 74538 Rosengarten<\/a><\/div>\t\t\t\t<\/div>\n\t\t\t\t<\/div>\n\t\t\t\t\t<\/div>\n\t\t<\/div>\n\t\t\t\t<div class=\"elementor-column elementor-col-50 elementor-top-column elementor-element elementor-element-ea8e1c9\" data-id=\"ea8e1c9\" data-element_type=\"column\" data-e-type=\"column\">\n\t\t\t<div class=\"elementor-widget-wrap elementor-element-populated\">\n\t\t\t\t\t\t<div class=\"elementor-element elementor-element-3ace9c4 custom--mt--small custom--h0 elementor-widget elementor-widget-heading\" data-id=\"3ace9c4\" data-element_type=\"widget\" data-e-type=\"widget\" data-widget_type=\"heading.default\">\n\t\t\t\t<div class=\"elementor-widget-container\">\n\t\t\t\t\t<span id=3ace9c4><\/span><h3 class=\"elementor-heading-title elementor-size-default\">WERK TRAUCHGAU<\/h3>\t\t\t\t<\/div>\n\t\t\t\t<\/div>\n\t\t\t\t<div class=\"elementor-element elementor-element-9c7653f custom--mb--0 elementor-widget elementor-widget-text-editor\" data-id=\"9c7653f\" data-element_type=\"widget\" data-e-type=\"widget\" data-widget_type=\"text-editor.default\">\n\t\t\t\t<div class=\"elementor-widget-container\">\n\t\t\t\t\t<span id=9c7653f><\/span>\t\t\t\t<p>Tullau Pappen<sup>\u00ae<br \/><\/sup>Pappenfabrik Trauchgau GmbH &amp; Co. KG<br \/>Stockingen 2<br \/>D-87642 Halblech<\/p>\t\t\t\t\t\t\t\t<\/div>\n\t\t\t\t<\/div>\n\t\t\t\t<div class=\"elementor-element elementor-element-24c59f1 elementor-icon-list--layout-traditional elementor-list-item-link-full_width elementor-widget elementor-widget-icon-list\" data-id=\"24c59f1\" data-element_type=\"widget\" data-e-type=\"widget\" data-widget_type=\"icon-list.default\">\n\t\t\t\t<div class=\"elementor-widget-container\">\n\t\t\t\t\t<span id=24c59f1><\/span>\t\t<ul class=\"elementor-icon-list-items\">\n\t\t\t\t\t\t\t<li class=\"elementor-icon-list-item\">\n\t\t\t\t\t\t\t\t\t\t\t<a href=\"tel:0836891290\">\n\n\t\t\t\t\t\t\t\t\t\t\t\t<span class=\"elementor-icon-list-icon\">\n\t\t\t\t\t\t\t<i aria-hidden=\"true\" class=\"fas fa-phone-alt\"><\/i>\t\t\t\t\t\t<\/span>\n\t\t\t\t\t\t\t\t\t\t<span class=\"elementor-icon-list-text\">+49 (0)8368 9129 0<\/span>\n\t\t\t\t\t\t\t\t\t\t\t<\/a>\n\t\t\t\t\t\t\t\t\t<\/li>\n\t\t\t\t\t\t\t\t<li class=\"elementor-icon-list-item\">\n\t\t\t\t\t\t\t\t\t\t\t<span class=\"elementor-icon-list-icon\">\n\t\t\t\t\t\t\t<i aria-hidden=\"true\" class=\"fas fa-fax\"><\/i>\t\t\t\t\t\t<\/span>\n\t\t\t\t\t\t\t\t\t\t<span class=\"elementor-icon-list-text\">+49 (0)8368 9129 50<\/span>\n\t\t\t\t\t\t\t\t\t<\/li>\n\t\t\t\t\t\t\t\t<li class=\"elementor-icon-list-item\">\n\t\t\t\t\t\t\t\t\t\t\t<a href=\"mailto:info@pappen.de\">\n\n\t\t\t\t\t\t\t\t\t\t\t\t<span class=\"elementor-icon-list-icon\">\n\t\t\t\t\t\t\t<i aria-hidden=\"true\" class=\"fab fa-telegram-plane\"><\/i>\t\t\t\t\t\t<\/span>\n\t\t\t\t\t\t\t\t\t\t<span class=\"elementor-icon-list-text\">info@pappen.de<\/span>\n\t\t\t\t\t\t\t\t\t\t\t<\/a>\n\t\t\t\t\t\t\t\t\t<\/li>\n\t\t\t\t\t\t<\/ul>\n\t\t\t\t\t\t<\/div>\n\t\t\t\t<\/div>\n\t\t\t\t<div class=\"elementor-element elementor-element-c495525 elementor-widget elementor-widget-google_maps\" data-id=\"c495525\" data-element_type=\"widget\" data-e-type=\"widget\" data-widget_type=\"google_maps.default\">\n\t\t\t\t<div class=\"elementor-widget-container\">\n\t\t\t\t\t<div style=\"max-height: 200px; overflow: hidden;\"><img fetchpriority=\"high\" width=\"1000\" height=\"922\" src=\"https:\/\/www.pappen.de\/wp-content\/uploads\/2019\/10\/map-plchldr.gif\" class=\"attachment-1920x9999 size-1920x9999\" alt=\"\" decoding=\"async\" \/><button class=\"maps_placeholder_btn\"><i class=\"fa fa-map-signs\"><\/i><\/button><\/div><div class=\"maps_hover_text\"><span class=\"hover_close\"><i class=\"fa fa-times-circle\"><\/i><\/span>Zeige Google Map?<br \/>\r\n<br \/>\r\nWenn Sie die eingebettete Google Map an dieser Stelle sehen wollen, werden personenbezogene Daten (IP-Adresse) zu Google gesendet. Daher ist es m\u00f6glich, dass Ihr Zugriff auf die Website von Google getrackt werden kann.<br \/>\r\n<br \/>\r\nWenn Sie den Link hier unten anklicken, wird ein Cookie auf Ihrem Computer gesetzt, um dieser Website zu erlauben, Google Maps in Ihrem Browser anzuzeigen. Das Cookie speichert keine personenbezogenen Daten, es merkt sich lediglich, dass Sie der Anzeige der Map zugestimmt haben.<br \/><br \/>Erfahre mehr \u00fcber diesen Aspekt der Datenschutzeinstellungen auf dieser Seite: <a href=\"https:\/\/www.pappen.de\/datenschutzerklaerung\">Datenschutzerkl\u00e4rung<\/a><br \/><br \/><a href=\"https:\/\/www.pappen.de\/de\/kontakt\/anfahrt\/?_wpnonce=270f3efbbc&setcookie_allow_maps=true&id=72&scrollto=c495525\">Maps-Anzeigen<\/a><br \/><br \/>Als Alternative, kannst du diesen Link benutzen, um direkt zu Google Maps zu gelangen: <a href=\"https:\/\/www.google.com\/maps\/place\/Stockingen+2%2C+87642+Halblech\">Stockingen 2, 87642 Halblech<\/a><\/div>\t\t\t\t<\/div>\n\t\t\t\t<\/div>\n\t\t\t\t\t<\/div>\n\t\t<\/div>\n\t\t\t\t\t<\/div>\n\t\t<\/section>\n\t\t\t\t<section class=\"elementor-section elementor-top-section elementor-element elementor-element-9cf6a5c make--section--regular elementor-section-boxed elementor-section-height-default elementor-section-height-default\" data-id=\"9cf6a5c\" data-element_type=\"section\" data-e-type=\"section\">\n\t\t\t\t\t\t<div class=\"elementor-container elementor-column-gap-default\">\n\t\t\t\t\t<div class=\"elementor-column elementor-col-100 elementor-top-column elementor-element elementor-element-4049e62\" data-id=\"4049e62\" data-element_type=\"column\" data-e-type=\"column\">\n\t\t\t<div class=\"elementor-widget-wrap elementor-element-populated\">\n\t\t\t\t\t\t<div class=\"elementor-element elementor-element-8ad4d9d custom--mt--xl custom--h0 elementor-widget elementor-widget-heading\" data-id=\"8ad4d9d\" data-element_type=\"widget\" data-e-type=\"widget\" data-widget_type=\"heading.default\">\n\t\t\t\t<div class=\"elementor-widget-container\">\n\t\t\t\t\t<span id=8ad4d9d><\/span><h3 class=\"elementor-heading-title elementor-size-default\">\u00dcbernachtung<\/h3>\t\t\t\t<\/div>\n\t\t\t\t<\/div>\n\t\t\t\t\t<\/div>\n\t\t<\/div>\n\t\t\t\t\t<\/div>\n\t\t<\/section>\n\t\t\t\t<section class=\"elementor-section elementor-top-section elementor-element elementor-element-ea50229 make--section--regular elementor-section-boxed elementor-section-height-default elementor-section-height-default\" data-id=\"ea50229\" data-element_type=\"section\" data-e-type=\"section\">\n\t\t\t\t\t\t<div class=\"elementor-container elementor-column-gap-default\">\n\t\t\t\t\t<div class=\"elementor-column elementor-col-100 elementor-top-column elementor-element elementor-element-fef44f6\" data-id=\"fef44f6\" data-element_type=\"column\" data-e-type=\"column\">\n\t\t\t<div class=\"elementor-widget-wrap elementor-element-populated\">\n\t\t\t\t\t\t<div class=\"elementor-element elementor-element-757528c elementor-widget elementor-widget-text-editor\" data-id=\"757528c\" data-element_type=\"widget\" data-e-type=\"widget\" data-widget_type=\"text-editor.default\">\n\t\t\t\t<div class=\"elementor-widget-container\">\n\t\t\t\t\t<span id=757528c><\/span>\t\t\t\t<p>Die Anreise war lang? Sie m\u00f6chten noch etwas Zeit in der sch\u00f6nen Region unserer beiden Werke verbringen? Hier finden Sie eine \u00dcbersicht von \u00dcbernachtungsm\u00f6gkichkeiten.\u00a0<\/p>\t\t\t\t\t\t\t\t<\/div>\n\t\t\t\t<\/div>\n\t\t\t\t\t<\/div>\n\t\t<\/div>\n\t\t\t\t\t<\/div>\n\t\t<\/section>\n\t\t\t\t<section class=\"elementor-section elementor-top-section elementor-element elementor-element-910e962 make--section--regular elementor-section-boxed elementor-section-height-default elementor-section-height-default\" data-id=\"910e962\" data-element_type=\"section\" data-e-type=\"section\">\n\t\t\t\t\t\t<div class=\"elementor-container elementor-column-gap-wider\">\n\t\t\t\t\t<div class=\"elementor-column elementor-col-50 elementor-top-column elementor-element elementor-element-431591f\" data-id=\"431591f\" data-element_type=\"column\" data-e-type=\"column\">\n\t\t\t<div class=\"elementor-widget-wrap elementor-element-populated\">\n\t\t\t\t\t\t<div class=\"elementor-element elementor-element-2adccca elementor-view-default elementor-position-block-start elementor-mobile-position-block-start elementor-widget elementor-widget-icon-box\" data-id=\"2adccca\" data-element_type=\"widget\" data-e-type=\"widget\" data-widget_type=\"icon-box.default\">\n\t\t\t\t<div class=\"elementor-widget-container\">\n\t\t\t\t\t<span id=2adccca><\/span>\t\t<div class=\"elementor-icon-box-wrapper\">\n\n\t\t\t\t\t\t<div class=\"elementor-icon-box-icon\">\n\t\t\t\t<a href=\"https:\/\/www.schwaebischhall.de\/de\/kultur-tourismus\/uebernachten\" target=\"_blank\" rel=\"nofollow\" class=\"elementor-icon\" tabindex=\"-1\" aria-label=\"Hotels in Schw\u00e4bisch Hall\">\n\t\t\t\t<i aria-hidden=\"true\" class=\"fas fa-bed\"><\/i>\t\t\t\t<\/a>\n\t\t\t<\/div>\n\t\t\t\n\t\t\t\t\t\t<div class=\"elementor-icon-box-content\">\n\n\t\t\t\t\t\t\t\t\t<h3 class=\"elementor-icon-box-title\">\n\t\t\t\t\t\t<a href=\"https:\/\/www.schwaebischhall.de\/de\/kultur-tourismus\/uebernachten\" target=\"_blank\" rel=\"nofollow\" >\n\t\t\t\t\t\t\tHotels in Schw\u00e4bisch Hall\t\t\t\t\t\t<\/a>\n\t\t\t\t\t<\/h3>\n\t\t\t\t\n\t\t\t\t\n\t\t\t<\/div>\n\t\t\t\n\t\t<\/div>\n\t\t\t\t\t\t<\/div>\n\t\t\t\t<\/div>\n\t\t\t\t\t<\/div>\n\t\t<\/div>\n\t\t\t\t<div class=\"elementor-column elementor-col-50 elementor-top-column elementor-element elementor-element-c092e20\" data-id=\"c092e20\" data-element_type=\"column\" data-e-type=\"column\">\n\t\t\t<div class=\"elementor-widget-wrap elementor-element-populated\">\n\t\t\t\t\t\t<div class=\"elementor-element elementor-element-2040883 elementor-view-default elementor-position-block-start elementor-mobile-position-block-start elementor-widget elementor-widget-icon-box\" data-id=\"2040883\" data-element_type=\"widget\" data-e-type=\"widget\" data-widget_type=\"icon-box.default\">\n\t\t\t\t<div class=\"elementor-widget-container\">\n\t\t\t\t\t<span id=2040883><\/span>\t\t<div class=\"elementor-icon-box-wrapper\">\n\n\t\t\t\t\t\t<div class=\"elementor-icon-box-icon\">\n\t\t\t\t<a href=\"https:\/\/urlaub.halblech.de\/halblech\/de\/accommodation\/search?sellocation=db714587-9016-4e5c-9988-6e0eba7e670b\" target=\"_blank\" rel=\"nofollow\" class=\"elementor-icon\" tabindex=\"-1\" aria-label=\"Hotels in Halblech\">\n\t\t\t\t<i aria-hidden=\"true\" class=\"fas fa-bed\"><\/i>\t\t\t\t<\/a>\n\t\t\t<\/div>\n\t\t\t\n\t\t\t\t\t\t<div class=\"elementor-icon-box-content\">\n\n\t\t\t\t\t\t\t\t\t<h3 class=\"elementor-icon-box-title\">\n\t\t\t\t\t\t<a href=\"https:\/\/urlaub.halblech.de\/halblech\/de\/accommodation\/search?sellocation=db714587-9016-4e5c-9988-6e0eba7e670b\" target=\"_blank\" rel=\"nofollow\" >\n\t\t\t\t\t\t\tHotels in Halblech\t\t\t\t\t\t<\/a>\n\t\t\t\t\t<\/h3>\n\t\t\t\t\n\t\t\t\t\n\t\t\t<\/div>\n\t\t\t\n\t\t<\/div>\n\t\t\t\t\t\t<\/div>\n\t\t\t\t<\/div>\n\t\t\t\t\t<\/div>\n\t\t<\/div>\n\t\t\t\t\t<\/div>\n\t\t<\/section>\n\t\t\t\t<\/div>\n\t\t","protected":false},"excerpt":{"rendered":"<p>Gerne sind wir Ihnen bei der Anreise mit den \u00f6ffentlichen Verkehrsmitteln behilflich. Egal, ob Bus, Bahn oder dem PKW&#8230;.wir freuen [&hellip;]<\/p>\n","protected":false},"author":1,"featured_media":1219,"parent":25,"menu_order":20,"comment_status":"closed","ping_status":"closed","template":"","meta":{"_acf_changed":false,"footnotes":""},"class_list":["post-72","page","type-page","status-publish","has-post-thumbnail","hentry"],"acf":[],"_links":{"self":[{"href":"https:\/\/www.pappen.de\/de\/wp-json\/wp\/v2\/pages\/72","targetHints":{"allow":["GET"]}}],"collection":[{"href":"https:\/\/www.pappen.de\/de\/wp-json\/wp\/v2\/pages"}],"about":[{"href":"https:\/\/www.pappen.de\/de\/wp-json\/wp\/v2\/types\/page"}],"author":[{"embeddable":true,"href":"https:\/\/www.pappen.de\/de\/wp-json\/wp\/v2\/users\/1"}],"replies":[{"embeddable":true,"href":"https:\/\/www.pappen.de\/de\/wp-json\/wp\/v2\/comments?post=72"}],"version-history":[{"count":4,"href":"https:\/\/www.pappen.de\/de\/wp-json\/wp\/v2\/pages\/72\/revisions"}],"predecessor-version":[{"id":1263,"href":"https:\/\/www.pappen.de\/de\/wp-json\/wp\/v2\/pages\/72\/revisions\/1263"}],"up":[{"embeddable":true,"href":"https:\/\/www.pappen.de\/de\/wp-json\/wp\/v2\/pages\/25"}],"wp:featuredmedia":[{"embeddable":true,"href":"https:\/\/www.pappen.de\/de\/wp-json\/wp\/v2\/media\/1219"}],"wp:attachment":[{"href":"https:\/\/www.pappen.de\/de\/wp-json\/wp\/v2\/media?parent=72"}],"curies":[{"name":"wp","href":"https:\/\/api.w.org\/{rel}","templated":true}]}}