{"id":9,"date":"2019-08-18T12:37:11","date_gmt":"2019-08-18T10:37:11","guid":{"rendered":"http:\/\/pappen.arbeitslink.de\/?page_id=9"},"modified":"2025-10-01T17:04:01","modified_gmt":"2025-10-01T15:04:01","slug":"aktuelles","status":"publish","type":"page","link":"https:\/\/www.pappen.de\/de\/","title":{"rendered":"Kompetenz in Vollpappe"},"content":{"rendered":"\t\t<div data-elementor-type=\"wp-page\" data-elementor-id=\"9\" class=\"elementor elementor-9\" data-elementor-post-type=\"page\">\n\t\t\t\t\t\t<section class=\"elementor-section elementor-top-section elementor-element elementor-element-fc40dbd make--section--regular elementor-section-boxed elementor-section-height-default elementor-section-height-default\" data-id=\"fc40dbd\" data-element_type=\"section\" data-e-type=\"section\">\n\t\t\t\t\t\t<div class=\"elementor-container elementor-column-gap-wide\">\n\t\t\t\t\t<div class=\"elementor-column elementor-col-50 elementor-top-column elementor-element elementor-element-eb7b65f\" data-id=\"eb7b65f\" data-element_type=\"column\" data-e-type=\"column\">\n\t\t\t<div class=\"elementor-widget-wrap elementor-element-populated\">\n\t\t\t\t\t\t<div class=\"elementor-element elementor-element-6e620ab elementor-widget elementor-widget-text-editor\" data-id=\"6e620ab\" data-element_type=\"widget\" data-e-type=\"widget\" data-widget_type=\"text-editor.default\">\n\t\t\t\t<div class=\"elementor-widget-container\">\n\t\t\t\t\t<span id=6e620ab><\/span>\t\t\t\t<p>Als Hersteller von Vollpappeprodukten geh\u00f6ren wir zu den f\u00fchrenden Anbietern in Deutschland. Wir entwickeln perfekte L\u00f6sungen f\u00fcr die unterschiedlichsten industriellen Anwendungen und sind in vielen Branchen die kompetente Adresse f\u00fcr Vollpappe und Karton.<\/p><p>TULLAU PAPPEN ist ein namhaftes mittelst\u00e4ndisches Familienunternehmen mit 100 Mitarbeiterinnen und Mitarbeitern.\u00a0<\/p>\t\t\t\t\t\t\t\t<\/div>\n\t\t\t\t<\/div>\n\t\t\t\t\t<\/div>\n\t\t<\/div>\n\t\t\t\t<div class=\"elementor-column elementor-col-50 elementor-top-column elementor-element elementor-element-d9bf039\" data-id=\"d9bf039\" data-element_type=\"column\" data-e-type=\"column\">\n\t\t\t<div class=\"elementor-widget-wrap elementor-element-populated\">\n\t\t\t\t\t\t<div class=\"elementor-element elementor-element-94ea644 elementor-widget elementor-widget-text-editor\" data-id=\"94ea644\" data-element_type=\"widget\" data-e-type=\"widget\" data-widget_type=\"text-editor.default\">\n\t\t\t\t<div class=\"elementor-widget-container\">\n\t\t\t\t\t<span id=94ea644><\/span>\t\t\t\t<p>Wir produzieren an zwei Standorten Vollpappe und Karton f\u00fcr deutsche und internationale Kunden.\u00a0<br \/>Aufgrund der Produktvielfalt ist TULLAU PAPPEN in der Lage, Vollpappe und Karton f\u00fcr nahezu s\u00e4mtliche Einsatzzwecke bedarfsgerecht und individuell als Format- oder Rollenware anzufertigen.<\/p>\t\t\t\t\t\t\t\t<\/div>\n\t\t\t\t<\/div>\n\t\t\t\t\t<\/div>\n\t\t<\/div>\n\t\t\t\t\t<\/div>\n\t\t<\/section>\n\t\t\t\t<section class=\"elementor-section elementor-top-section elementor-element elementor-element-8f11a16 make--section--regular elementor-section-boxed elementor-section-height-default elementor-section-height-default\" data-id=\"8f11a16\" data-element_type=\"section\" data-e-type=\"section\">\n\t\t\t\t\t\t<div class=\"elementor-container elementor-column-gap-default\">\n\t\t\t\t\t<div class=\"elementor-column elementor-col-100 elementor-top-column elementor-element elementor-element-a483a0d\" data-id=\"a483a0d\" data-element_type=\"column\" data-e-type=\"column\">\n\t\t\t<div class=\"elementor-widget-wrap elementor-element-populated\">\n\t\t\t\t\t\t<div class=\"elementor-element elementor-element-106ad67 elementor-widget elementor-widget-spacer\" data-id=\"106ad67\" data-element_type=\"widget\" data-e-type=\"widget\" data-widget_type=\"spacer.default\">\n\t\t\t\t<div class=\"elementor-widget-container\">\n\t\t\t\t\t<span id=106ad67><\/span>\t\t<div class=\"elementor-spacer\">\n\t\t\t<div class=\"elementor-spacer-inner\"><\/div>\n\t\t<\/div>\n\t\t\t\t\t\t<\/div>\n\t\t\t\t<\/div>\n\t\t\t\t<div class=\"elementor-element elementor-element-4471a4c custom--h0 custom--mt--0 elementor-widget elementor-widget-heading\" data-id=\"4471a4c\" data-element_type=\"widget\" data-e-type=\"widget\" data-widget_type=\"heading.default\">\n\t\t\t\t<div class=\"elementor-widget-container\">\n\t\t\t\t\t<span id=4471a4c><\/span><h1 class=\"elementor-heading-title elementor-size-default\">AKTUELLES<\/h1>\t\t\t\t<\/div>\n\t\t\t\t<\/div>\n\t\t\t\t\t<\/div>\n\t\t<\/div>\n\t\t\t\t\t<\/div>\n\t\t<\/section>\n\t\t\t\t<section class=\"elementor-section elementor-top-section elementor-element elementor-element-2eb9083 make--section--regular elementor-section-boxed elementor-section-height-default elementor-section-height-default\" data-id=\"2eb9083\" data-element_type=\"section\" data-e-type=\"section\">\n\t\t\t\t\t\t<div class=\"elementor-container elementor-column-gap-default\">\n\t\t\t\t\t<div class=\"elementor-column elementor-col-33 elementor-top-column elementor-element elementor-element-94bcc9a\" data-id=\"94bcc9a\" data-element_type=\"column\" data-e-type=\"column\" data-settings=\"{&quot;background_background&quot;:&quot;classic&quot;}\">\n\t\t\t<div class=\"elementor-widget-wrap elementor-element-populated\">\n\t\t\t\t\t\t<div class=\"elementor-element elementor-element-3a55398 custom--h0 custom--mt--0 elementor-widget elementor-widget-heading\" data-id=\"3a55398\" data-element_type=\"widget\" data-e-type=\"widget\" data-widget_type=\"heading.default\">\n\t\t\t\t<div class=\"elementor-widget-container\">\n\t\t\t\t\t<span id=3a55398><\/span><h2 class=\"elementor-heading-title elementor-size-default\">WIR SUCHEN SIE<\/h2>\t\t\t\t<\/div>\n\t\t\t\t<\/div>\n\t\t\t\t<div class=\"elementor-element elementor-element-1a72b87 elementor-widget elementor-widget-text-editor\" data-id=\"1a72b87\" data-element_type=\"widget\" data-e-type=\"widget\" data-widget_type=\"text-editor.default\">\n\t\t\t\t<div class=\"elementor-widget-container\">\n\t\t\t\t\t<span id=1a72b87><\/span>\t\t\t\t<p>Wir sind immer auf der Suche nach zuverl\u00e4ssigen und engagierten Mitarbeitenden. <span style=\"font-size: 1rem;\">Sie haben Interesse? Dann schauen Sie gleich nach, ob auch Ihr <a href=\"\/jobs\/\">Traumjob<\/a> dabei ist.\u00a0<\/span><\/p>\t\t\t\t\t\t\t\t<\/div>\n\t\t\t\t<\/div>\n\t\t\t\t<div class=\"elementor-element elementor-element-e3ad096 elementor-widget elementor-widget-image\" data-id=\"e3ad096\" data-element_type=\"widget\" data-e-type=\"widget\" data-widget_type=\"image.default\">\n\t\t\t\t<div class=\"elementor-widget-container\">\n\t\t\t\t\t<span id=e3ad096><\/span>\t\t\t\t\t\t\t\t\t\t\t<a href=\"\/de\/jobs\/\">\n\t\t\t\t\t\t\t<img fetchpriority=\"high\" decoding=\"async\" width=\"800\" height=\"806\" src=\"https:\/\/www.pappen.de\/wp-content\/uploads\/2020\/10\/AdobeStock_233532402.jpg\" class=\"attachment-large size-large wp-image-2186\" alt=\"\" srcset=\"https:\/\/www.pappen.de\/wp-content\/uploads\/2020\/10\/AdobeStock_233532402.jpg 800w, https:\/\/www.pappen.de\/wp-content\/uploads\/2020\/10\/AdobeStock_233532402-298x300.jpg 298w, https:\/\/www.pappen.de\/wp-content\/uploads\/2020\/10\/AdobeStock_233532402-150x150.jpg 150w, https:\/\/www.pappen.de\/wp-content\/uploads\/2020\/10\/AdobeStock_233532402-768x774.jpg 768w, https:\/\/www.pappen.de\/wp-content\/uploads\/2020\/10\/AdobeStock_233532402-60x60.jpg 60w\" sizes=\"(max-width: 800px) 100vw, 800px\" \/>\t\t\t\t\t\t\t\t<\/a>\n\t\t\t\t\t\t\t\t\t\t\t\t\t\t\t<\/div>\n\t\t\t\t<\/div>\n\t\t\t\t\t<\/div>\n\t\t<\/div>\n\t\t\t\t<div class=\"elementor-column elementor-col-33 elementor-top-column elementor-element elementor-element-bcad508\" data-id=\"bcad508\" data-element_type=\"column\" data-e-type=\"column\" data-settings=\"{&quot;background_background&quot;:&quot;classic&quot;}\">\n\t\t\t<div class=\"elementor-widget-wrap elementor-element-populated\">\n\t\t\t\t\t\t<div class=\"elementor-element elementor-element-7e17cc0 custom--h0 custom--mt--0 elementor-widget elementor-widget-heading\" data-id=\"7e17cc0\" data-element_type=\"widget\" data-e-type=\"widget\" data-widget_type=\"heading.default\">\n\t\t\t\t<div class=\"elementor-widget-container\">\n\t\t\t\t\t<span id=7e17cc0><\/span><h2 class=\"elementor-heading-title elementor-size-default\">Blauer Engel<\/h2>\t\t\t\t<\/div>\n\t\t\t\t<\/div>\n\t\t\t\t<div class=\"elementor-element elementor-element-3ac8f48 elementor-widget elementor-widget-text-editor\" data-id=\"3ac8f48\" data-element_type=\"widget\" data-e-type=\"widget\" data-widget_type=\"text-editor.default\">\n\t\t\t\t<div class=\"elementor-widget-container\">\n\t\t\t\t\t<span id=3ac8f48><\/span>\t\t\t\t<p>Wir freuen uns, das Umweltzeichen &#8222;Blauer Engel&#8220; erhalten zu haben!<br \/>Das Zertifikat steht f\u00fcr besondere Umweltfreundlichkeit und kennzeichnet umweltschonende Produkte und Dienstleistungen.<br \/><strong>Zu diesen Produkten z\u00e4hlt nun auch unser KARTON bis 1250 g\/m\u00b2.<\/strong><\/p>\t\t\t\t\t\t\t\t<\/div>\n\t\t\t\t<\/div>\n\t\t\t\t<div class=\"elementor-element elementor-element-7ade4ec elementor-widget elementor-widget-image\" data-id=\"7ade4ec\" data-element_type=\"widget\" data-e-type=\"widget\" data-widget_type=\"image.default\">\n\t\t\t\t<div class=\"elementor-widget-container\">\n\t\t\t\t\t<span id=7ade4ec><\/span>\t\t\t\t\t\t\t\t\t\t<img decoding=\"async\" width=\"236\" height=\"218\" src=\"https:\/\/www.pappen.de\/wp-content\/uploads\/2025\/06\/Screenshot-Blauer-Engel.png\" class=\"attachment-large size-large wp-image-5425\" alt=\"\" \/>\t\t\t\t\t\t\t\t\t\t\t\t\t\t\t<\/div>\n\t\t\t\t<\/div>\n\t\t\t\t\t<\/div>\n\t\t<\/div>\n\t\t\t\t<div class=\"elementor-column elementor-col-33 elementor-top-column elementor-element elementor-element-8e19754\" data-id=\"8e19754\" data-element_type=\"column\" data-e-type=\"column\" data-settings=\"{&quot;background_background&quot;:&quot;classic&quot;}\">\n\t\t\t<div class=\"elementor-widget-wrap elementor-element-populated\">\n\t\t\t\t\t\t<div class=\"elementor-element elementor-element-015eeb2 custom--h0 custom--mt--0 elementor-widget elementor-widget-heading\" data-id=\"015eeb2\" data-element_type=\"widget\" data-e-type=\"widget\" data-widget_type=\"heading.default\">\n\t\t\t\t<div class=\"elementor-widget-container\">\n\t\t\t\t\t<span id=015eeb2><\/span><h2 class=\"elementor-heading-title elementor-size-default\">Fachpack 2025<\/h2>\t\t\t\t<\/div>\n\t\t\t\t<\/div>\n\t\t\t\t<div class=\"elementor-element elementor-element-e57509b elementor-widget elementor-widget-text-editor\" data-id=\"e57509b\" data-element_type=\"widget\" data-e-type=\"widget\" data-widget_type=\"text-editor.default\">\n\t\t\t\t<div class=\"elementor-widget-container\">\n\t\t\t\t\t<span id=e57509b><\/span>\t\t\t\t<p>Vielen Dank f\u00fcr die vielen Besuche und guten Gespr\u00e4che an unserem Messestand der diesj\u00e4hrigen FACHPACK in N\u00fcrnberg.<\/p>\t\t\t\t\t\t\t\t<\/div>\n\t\t\t\t<\/div>\n\t\t\t\t<div class=\"elementor-element elementor-element-8490ecc elementor-widget elementor-widget-image\" data-id=\"8490ecc\" data-element_type=\"widget\" data-e-type=\"widget\" data-widget_type=\"image.default\">\n\t\t\t\t<div class=\"elementor-widget-container\">\n\t\t\t\t\t<span id=8490ecc><\/span>\t\t\t\t\t\t\t\t\t\t<img decoding=\"async\" width=\"800\" height=\"532\" src=\"https:\/\/www.pappen.de\/wp-content\/uploads\/2025\/10\/IMG-20250925-WA0004-1024x681.jpg\" class=\"attachment-large size-large wp-image-5531\" alt=\"\" srcset=\"https:\/\/www.pappen.de\/wp-content\/uploads\/2025\/10\/IMG-20250925-WA0004-1024x681.jpg 1024w, https:\/\/www.pappen.de\/wp-content\/uploads\/2025\/10\/IMG-20250925-WA0004-300x200.jpg 300w, https:\/\/www.pappen.de\/wp-content\/uploads\/2025\/10\/IMG-20250925-WA0004-768x511.jpg 768w, https:\/\/www.pappen.de\/wp-content\/uploads\/2025\/10\/IMG-20250925-WA0004-1536x1022.jpg 1536w, https:\/\/www.pappen.de\/wp-content\/uploads\/2025\/10\/IMG-20250925-WA0004-2048x1363.jpg 2048w\" sizes=\"(max-width: 800px) 100vw, 800px\" \/>\t\t\t\t\t\t\t\t\t\t\t\t\t\t\t<\/div>\n\t\t\t\t<\/div>\n\t\t\t\t\t<\/div>\n\t\t<\/div>\n\t\t\t\t\t<\/div>\n\t\t<\/section>\n\t\t\t\t<section class=\"elementor-section elementor-top-section elementor-element elementor-element-c586f13 make--section--regular elementor-section-boxed elementor-section-height-default elementor-section-height-default\" data-id=\"c586f13\" data-element_type=\"section\" data-e-type=\"section\">\n\t\t\t\t\t\t<div class=\"elementor-container elementor-column-gap-default\">\n\t\t\t\t\t<div class=\"elementor-column elementor-col-100 elementor-top-column elementor-element elementor-element-4f74103\" data-id=\"4f74103\" data-element_type=\"column\" data-e-type=\"column\">\n\t\t\t<div class=\"elementor-widget-wrap elementor-element-populated\">\n\t\t\t\t\t\t<div class=\"elementor-element elementor-element-2158415 elementor-widget elementor-widget-spacer\" data-id=\"2158415\" data-element_type=\"widget\" data-e-type=\"widget\" data-widget_type=\"spacer.default\">\n\t\t\t\t<div class=\"elementor-widget-container\">\n\t\t\t\t\t<span id=2158415><\/span>\t\t<div class=\"elementor-spacer\">\n\t\t\t<div class=\"elementor-spacer-inner\"><\/div>\n\t\t<\/div>\n\t\t\t\t\t\t<\/div>\n\t\t\t\t<\/div>\n\t\t\t\t\t<\/div>\n\t\t<\/div>\n\t\t\t\t\t<\/div>\n\t\t<\/section>\n\t\t\t\t<section class=\"elementor-section elementor-top-section elementor-element elementor-element-bae45e9 make--section--regular elementor-section-boxed elementor-section-height-default elementor-section-height-default\" data-id=\"bae45e9\" data-element_type=\"section\" data-e-type=\"section\">\n\t\t\t\t\t\t<div class=\"elementor-container elementor-column-gap-default\">\n\t\t\t\t\t<div class=\"elementor-column elementor-col-50 elementor-top-column elementor-element elementor-element-2902c07\" data-id=\"2902c07\" data-element_type=\"column\" data-e-type=\"column\">\n\t\t\t<div class=\"elementor-widget-wrap elementor-element-populated\">\n\t\t\t\t\t\t<div class=\"elementor-element elementor-element-0669548 elementor-cta--skin-classic elementor-animated-content elementor-bg-transform elementor-bg-transform-zoom-in elementor-widget elementor-widget-call-to-action\" data-id=\"0669548\" data-element_type=\"widget\" data-e-type=\"widget\" data-widget_type=\"call-to-action.default\">\n\t\t\t\t<div class=\"elementor-widget-container\">\n\t\t\t\t\t<span id=0669548><\/span>\t\t<div class=\"elementor-cta\">\n\t\t\t\t\t<div class=\"elementor-cta__bg-wrapper\">\n\t\t\t\t<div class=\"elementor-cta__bg elementor-bg\" style=\"background-image: url(https:\/\/www.pappen.de\/wp-content\/uploads\/2019\/11\/titelbild_kartonarten1-1024x366.jpg);\" role=\"img\" aria-label=\"titelbild_kartonarten1\"><\/div>\n\t\t\t\t<div class=\"elementor-cta__bg-overlay\"><\/div>\n\t\t\t<\/div>\n\t\t\t\t\t\t\t<div class=\"elementor-cta__content\">\n\t\t\t\t\n\t\t\t\t\t\t\t\t\t<h2 class=\"elementor-cta__title elementor-cta__content-item elementor-content-item\">\n\t\t\t\t\t\tZur Produkt\u00fcbersicht\t\t\t\t\t<\/h2>\n\t\t\t\t\n\t\t\t\t\n\t\t\t\t\t\t\t\t\t<div class=\"elementor-cta__button-wrapper elementor-cta__content-item elementor-content-item \">\n\t\t\t\t\t<a class=\"elementor-cta__button elementor-button elementor-size-\" href=\"\/de\/produkte\/produktuebersicht\/\">\n\t\t\t\t\t\tweiter geht\u00b4s\t\t\t\t\t<\/a>\n\t\t\t\t\t<\/div>\n\t\t\t\t\t\t\t<\/div>\n\t\t\t\t\t\t<\/div>\n\t\t\t\t\t\t<\/div>\n\t\t\t\t<\/div>\n\t\t\t\t\t<\/div>\n\t\t<\/div>\n\t\t\t\t<div class=\"elementor-column elementor-col-50 elementor-top-column elementor-element elementor-element-d88f57a\" data-id=\"d88f57a\" data-element_type=\"column\" data-e-type=\"column\">\n\t\t\t<div class=\"elementor-widget-wrap elementor-element-populated\">\n\t\t\t\t\t\t<div class=\"elementor-element elementor-element-5737226 elementor-cta--skin-classic elementor-animated-content elementor-bg-transform elementor-bg-transform-zoom-in elementor-widget elementor-widget-call-to-action\" data-id=\"5737226\" data-element_type=\"widget\" data-e-type=\"widget\" data-widget_type=\"call-to-action.default\">\n\t\t\t\t<div class=\"elementor-widget-container\">\n\t\t\t\t\t<span id=5737226><\/span>\t\t<div class=\"elementor-cta\">\n\t\t\t\t\t<div class=\"elementor-cta__bg-wrapper\">\n\t\t\t\t<div class=\"elementor-cta__bg elementor-bg\" style=\"background-image: url(https:\/\/www.pappen.de\/wp-content\/uploads\/2019\/11\/titelbild_pappenherstellung-1024x366.jpg);\" role=\"img\" aria-label=\"titelbild_pappenherstellung\"><\/div>\n\t\t\t\t<div class=\"elementor-cta__bg-overlay\"><\/div>\n\t\t\t<\/div>\n\t\t\t\t\t\t\t<div class=\"elementor-cta__content\">\n\t\t\t\t\n\t\t\t\t\t\t\t\t\t<h2 class=\"elementor-cta__title elementor-cta__content-item elementor-content-item\">\n\t\t\t\t\t\tZur Weiterverarbeitung\t\t\t\t\t<\/h2>\n\t\t\t\t\n\t\t\t\t\n\t\t\t\t\t\t\t\t\t<div class=\"elementor-cta__button-wrapper elementor-cta__content-item elementor-content-item \">\n\t\t\t\t\t<a class=\"elementor-cta__button elementor-button elementor-size-\" href=\"\/de\/produkte\/veredelungsmoeglichkeiten\/\">\n\t\t\t\t\t\tweiter geht\u00b4s\t\t\t\t\t<\/a>\n\t\t\t\t\t<\/div>\n\t\t\t\t\t\t\t<\/div>\n\t\t\t\t\t\t<\/div>\n\t\t\t\t\t\t<\/div>\n\t\t\t\t<\/div>\n\t\t\t\t\t<\/div>\n\t\t<\/div>\n\t\t\t\t\t<\/div>\n\t\t<\/section>\n\t\t\t\t<section class=\"elementor-section elementor-top-section elementor-element elementor-element-77c8dfd make--section--regular elementor-section-boxed elementor-section-height-default elementor-section-height-default\" data-id=\"77c8dfd\" data-element_type=\"section\" data-e-type=\"section\">\n\t\t\t\t\t\t<div class=\"elementor-container elementor-column-gap-default\">\n\t\t\t\t\t<div class=\"elementor-column elementor-col-50 elementor-top-column elementor-element elementor-element-878c4cb\" data-id=\"878c4cb\" data-element_type=\"column\" data-e-type=\"column\">\n\t\t\t<div class=\"elementor-widget-wrap elementor-element-populated\">\n\t\t\t\t\t\t<div class=\"elementor-element elementor-element-f757260 elementor-cta--skin-classic elementor-animated-content elementor-bg-transform elementor-bg-transform-zoom-in elementor-widget elementor-widget-call-to-action\" data-id=\"f757260\" data-element_type=\"widget\" data-e-type=\"widget\" data-widget_type=\"call-to-action.default\">\n\t\t\t\t<div class=\"elementor-widget-container\">\n\t\t\t\t\t<span id=f757260><\/span>\t\t<div class=\"elementor-cta\">\n\t\t\t\t\t<div class=\"elementor-cta__bg-wrapper\">\n\t\t\t\t<div class=\"elementor-cta__bg elementor-bg\" style=\"background-image: url(https:\/\/www.pappen.de\/wp-content\/uploads\/2024\/12\/AdobeStock_910252940-1024x418.jpg);\" role=\"img\" aria-label=\"AdobeStock_910252940\"><\/div>\n\t\t\t\t<div class=\"elementor-cta__bg-overlay\"><\/div>\n\t\t\t<\/div>\n\t\t\t\t\t\t\t<div class=\"elementor-cta__content\">\n\t\t\t\t\n\t\t\t\t\t\t\t\t\t<h2 class=\"elementor-cta__title elementor-cta__content-item elementor-content-item\">\n\t\t\t\t\t\tNachhaltigkeit &amp; Umwelt\t\t\t\t\t<\/h2>\n\t\t\t\t\n\t\t\t\t\n\t\t\t\t\t\t\t\t\t<div class=\"elementor-cta__button-wrapper elementor-cta__content-item elementor-content-item \">\n\t\t\t\t\t<a class=\"elementor-cta__button elementor-button elementor-size-\" href=\"\/de\/nachhaltigkeit\/\">\n\t\t\t\t\t\tweiter geht\u00b4s\t\t\t\t\t<\/a>\n\t\t\t\t\t<\/div>\n\t\t\t\t\t\t\t<\/div>\n\t\t\t\t\t\t<\/div>\n\t\t\t\t\t\t<\/div>\n\t\t\t\t<\/div>\n\t\t\t\t\t<\/div>\n\t\t<\/div>\n\t\t\t\t<div class=\"elementor-column elementor-col-50 elementor-top-column elementor-element elementor-element-3b04fc9\" data-id=\"3b04fc9\" data-element_type=\"column\" data-e-type=\"column\">\n\t\t\t<div class=\"elementor-widget-wrap\">\n\t\t\t\t\t\t\t<\/div>\n\t\t<\/div>\n\t\t\t\t\t<\/div>\n\t\t<\/section>\n\t\t\t\t<\/div>\n\t\t","protected":false},"excerpt":{"rendered":"<p>Als Hersteller von Vollpappeprodukten geh\u00f6ren wir zu den f\u00fchrenden Anbietern in Deutschland. Wir entwickeln perfekte L\u00f6sungen f\u00fcr die unterschiedlichsten industriellen [&hellip;]<\/p>\n","protected":false},"author":1,"featured_media":419,"parent":0,"menu_order":10,"comment_status":"closed","ping_status":"closed","template":"","meta":{"_acf_changed":false,"footnotes":""},"class_list":["post-9","page","type-page","status-publish","has-post-thumbnail","hentry"],"acf":[],"_links":{"self":[{"href":"https:\/\/www.pappen.de\/de\/wp-json\/wp\/v2\/pages\/9","targetHints":{"allow":["GET"]}}],"collection":[{"href":"https:\/\/www.pappen.de\/de\/wp-json\/wp\/v2\/pages"}],"about":[{"href":"https:\/\/www.pappen.de\/de\/wp-json\/wp\/v2\/types\/page"}],"author":[{"embeddable":true,"href":"https:\/\/www.pappen.de\/de\/wp-json\/wp\/v2\/users\/1"}],"replies":[{"embeddable":true,"href":"https:\/\/www.pappen.de\/de\/wp-json\/wp\/v2\/comments?post=9"}],"version-history":[{"count":84,"href":"https:\/\/www.pappen.de\/de\/wp-json\/wp\/v2\/pages\/9\/revisions"}],"predecessor-version":[{"id":5535,"href":"https:\/\/www.pappen.de\/de\/wp-json\/wp\/v2\/pages\/9\/revisions\/5535"}],"wp:featuredmedia":[{"embeddable":true,"href":"https:\/\/www.pappen.de\/de\/wp-json\/wp\/v2\/media\/419"}],"wp:attachment":[{"href":"https:\/\/www.pappen.de\/de\/wp-json\/wp\/v2\/media?parent=9"}],"curies":[{"name":"wp","href":"https:\/\/api.w.org\/{rel}","templated":true}]}}